{"id":88,"date":"2023-05-29T10:28:02","date_gmt":"2023-05-29T10:28:02","guid":{"rendered":"https:\/\/www.costablancasuomiseura.es\/uusisivu\/?page_id=88"},"modified":"2025-10-04T13:38:56","modified_gmt":"2025-10-04T11:38:56","slug":"kasityot","status":"publish","type":"page","link":"https:\/\/www.costablancasuomiseura.es\/uusisivu\/kasityot\/","title":{"rendered":"Askartelu- ja k\u00e4sity\u00f6"},"content":{"rendered":"\n<p><strong>Askartelu- ja K\u00e4sity\u00f6kerhon toimintaan kaiken ik\u00e4isille<\/strong>!<\/p>\n\n\n\n<p>Aloitamme lokakuussa Askartelu- ja K\u00e4sity\u00f6kerhon toiminnan uusien vet\u00e4jien johdolla seuramme j\u00e4senille. Kerho kokoontuu torstaisin klo 12\u201314 Ratto-Tallissa (Calle Concordia 114, Torrevieja).<br><strong>Tervetuloa rohkeasti mukaan!<\/strong><\/p>\n\n\n\n<p><\/p>\n","protected":false},"excerpt":{"rendered":"<p>Askartelu- ja K\u00e4sity\u00f6kerhon toimintaan kaiken ik\u00e4isille! Aloitamme lokakuussa Askartelu- ja K\u00e4sity\u00f6kerhon toiminnan uusien vet\u00e4jien johdolla seuramme j\u00e4senille. Kerho kokoontuu torstaisin klo 12\u201314 Ratto-Tallissa (Calle Concordia 114, Torrevieja).Tervetuloa rohkeasti mukaan! <a href=\"https:\/\/www.costablancasuomiseura.es\/uusisivu\/kasityot\/\" class=\"more-link\">&#8211; Lue &#8211; <span class=\"screen-reader-text\">Askartelu- ja k\u00e4sity\u00f6<\/span><\/a><\/p>\n","protected":false},"author":2,"featured_media":1150,"parent":0,"menu_order":0,"comment_status":"closed","ping_status":"closed","template":"","meta":{"footnotes":""},"class_list":["post-88","page","type-page","status-publish","has-post-thumbnail","hentry"],"post_mailing_queue_ids":[],"_links":{"self":[{"href":"https:\/\/www.costablancasuomiseura.es\/uusisivu\/wp-json\/wp\/v2\/pages\/88","targetHints":{"allow":["GET"]}}],"collection":[{"href":"https:\/\/www.costablancasuomiseura.es\/uusisivu\/wp-json\/wp\/v2\/pages"}],"about":[{"href":"https:\/\/www.costablancasuomiseura.es\/uusisivu\/wp-json\/wp\/v2\/types\/page"}],"author":[{"embeddable":true,"href":"https:\/\/www.costablancasuomiseura.es\/uusisivu\/wp-json\/wp\/v2\/users\/2"}],"replies":[{"embeddable":true,"href":"https:\/\/www.costablancasuomiseura.es\/uusisivu\/wp-json\/wp\/v2\/comments?post=88"}],"version-history":[{"count":7,"href":"https:\/\/www.costablancasuomiseura.es\/uusisivu\/wp-json\/wp\/v2\/pages\/88\/revisions"}],"predecessor-version":[{"id":2390,"href":"https:\/\/www.costablancasuomiseura.es\/uusisivu\/wp-json\/wp\/v2\/pages\/88\/revisions\/2390"}],"wp:featuredmedia":[{"embeddable":true,"href":"https:\/\/www.costablancasuomiseura.es\/uusisivu\/wp-json\/wp\/v2\/media\/1150"}],"wp:attachment":[{"href":"https:\/\/www.costablancasuomiseura.es\/uusisivu\/wp-json\/wp\/v2\/media?parent=88"}],"curies":[{"name":"wp","href":"https:\/\/api.w.org\/{rel}","templated":true}]}}