{"id":785,"date":"2023-12-05T17:47:53","date_gmt":"2023-12-05T15:47:53","guid":{"rendered":"https:\/\/www.costablancasuomiseura.es\/uusisivu\/?page_id=785"},"modified":"2024-01-06T09:19:17","modified_gmt":"2024-01-06T07:19:17","slug":"terveyspalvelut","status":"publish","type":"page","link":"https:\/\/www.costablancasuomiseura.es\/uusisivu\/terveyspalvelut\/","title":{"rendered":"Terveyspalvelut"},"content":{"rendered":"\n<p>Seuran tiloissa Torreviejassa ovat verenpainemittari ja henkil\u00f6vaaka  j\u00e4senten k\u00e4ytet\u00e4viss\u00e4.<\/p>\n\n\n\n<h3 class=\"wp-block-heading\"><strong>Hammasklinikka Guido Audisio<\/strong><\/h3>\n\n\n\n<p>Osoite: C\/ Ram\u00f3n Gallud s\/n, Esq. C\/ Mar\u00eda Parodi 14, 03181 Torrevieja (Alicante)<\/p>\n\n\n\n<p>Aukioloajat tarkistat helpoiten klinikan <a href=\"https:\/\/guidoaudisio.com\/fi\" data-type=\"link\" data-id=\"https:\/\/guidoaudisio.com\/fi\">kotisivuilta<\/a>.<\/p>\n\n\n\n<p>Ajantilaus: suomeksi s\u00e4hk\u00f6postilla info (at) guidoaudisio.com tai viestill\u00e4 <a href=\"https:\/\/www.facebook.com\/HammasklinikkaGuidoAudisio\" data-type=\"link\" data-id=\"https:\/\/www.facebook.com\/HammasklinikkaGuidoAudisio\">Facebook<\/a>-sivun kautta. <\/p>\n\n\n\n<p>Espanjaksi tai englanniksi numerosta +34&nbsp;966 70 53 79.<\/p>\n\n\n\n<ul class=\"wp-block-list\">\n<li>ensimm\u00e4isell\u00e4 k\u00e4ynnill\u00e4 ilmainen hampaiden tarkastus ja hoitosuunnitelman teko<\/li>\n\n\n\n<li>hampaiden puhdistus -50 %<\/li>\n\n\n\n<li>kaikki muut hoidot -10 %<\/li>\n\n\n\n<li>hammasl\u00e4\u00e4k\u00e4rin tulkkina toimii Katja Minkkinen<\/li>\n<\/ul>\n\n\n\n<h3 class=\"wp-block-heading\">Sairaala Quironsalud Torrevieja<\/h3>\n\n\n\n<p>Quironissa on t\u00f6iss\u00e4 maanantaista perjantaihin klo 9:00 \u2013 15:00 suomen kielen tulkki Pia Blinnikka. Sairaalassa voi henkil\u00f6kuntaa pyyt\u00e4\u00e4 soittamaan h\u00e4net paikalle. Tarvittaessa Pia avustaa 24\/7, puhelinnumero on +34 609 186 335 Quiron ja toinen numero on +34 618 320 429.<\/p>\n\n\n\n<ul class=\"wp-block-list\">\n<li>Osoite: Partida de la Loma, s\/n, 03184 Torrevieja <\/li>\n\n\n\n<li>puh. <a href=\"tel:966921313\">966 92 13 13<\/a><\/li>\n\n\n\n<li>s\u00e4hk\u00f6posti: info.torrevieja (at) quironsalud.es<\/li>\n<\/ul>\n\n\n\n<p><\/p>\n\n\n\n<p>Sairaala tarjoaa suomiseuralaisille etuhintaan 300 \u20ac\/vuosi <em>Health Premium Cardia<\/em>. Hinta on sama niin kauan kuin henkil\u00f6 on Seuran j\u00e4sen, eli j\u00e4senyys tarkistetaan vuosittain. Kortin normaalihinta on 330 \u20ac.<\/p>\n\n\n\n<p>Kortti sis\u00e4lt\u00e4\u00e4 seuraavat edut:<\/p>\n\n\n\n<ul class=\"wp-block-list\">\n<li>alkuvaiheen l\u00e4\u00e4k\u00e4rintarkastus<\/li>\n\n\n\n<li>3 vapaasti valittavaa erikoisl\u00e4\u00e4k\u00e4rik\u00e4ynti\u00e4<\/li>\n\n\n\n<li>*6 ambulanssikuljetusta (l\u00e4hinn\u00e4 siirtokuljetuksiin, mutta ei ole taksi)<\/li>\n\n\n\n<li>14 kotona suoritettavaa sairaanhoitotoimenpidett\u00e4<\/li>\n\n\n\n<li>ilmainen hampaiden puhdistus<\/li>\n\n\n\n<li>p\u00e4\u00e4asiallisten sairauksien havaitsemiseen tarvittavat kokeet<\/li>\n\n\n\n<li>10 %:n alennus yksityisist\u00e4 hoidoista<\/li>\n\n\n\n<li><strong>*mik\u00e4li kyseess\u00e4 on h\u00e4t\u00e4tapaus, niin soitto aina 112<\/strong>. Quironin ambulanssi on tarkoitettu l\u00e4hinn\u00e4 siirtokuljetuksiin esimerkiksi kaupungin sairaalasta Quironiin<\/li>\n<\/ul>\n\n\n\n<p>Toiminta-alue 30 km s\u00e4teell\u00e4 sairaalasta.<\/p>\n\n\n\n<p>Hoitoon voi hakeutua my\u00f6s \u201dvanhojen\u201d sairauksien takia eli kyseess\u00e4 ei tarvitse olla \u00e4killinen sairastuminen.<\/p>\n\n\n\n<p>Kortti haetaan t\u00e4ytt\u00e4m\u00e4ll\u00e4 hakemus, joka tehd\u00e4\u00e4n erityisiss\u00e4 Premium-tiloissa, joissa on aina samat kaksi virkailijaa sek\u00e4 tarvittaessa suomen kielen tulkki Pia Blinnikka.<\/p>\n\n\n\n<p>L\u00e4\u00e4k\u00e4rien ajanvaraukset voi tehd\u00e4 t\u00e4m\u00e4n Premium-asiakas huoneen kautta ja odotellessa nauttia kahvia, leivonnaisia ja hedelmi\u00e4, joita on aina tarjolla.<\/p>\n\n\n\n<p>Jokainen saa oman yhteyshenkil\u00f6ns\u00e4 ja sinulla on my\u00f6s ensisijainen ajanvarausoikeus. Terveydenhuollon ammattilaiset laativat sinulle henkil\u00f6kohtaisen ohjelman terveydentilasi parantamiseen.<\/p>\n\n\n\n<p>Voit k\u00e4yd\u00e4 tutustumassa Premium tiloihin, jotka ovat p\u00e4\u00e4aulasta sis\u00e4lle tullessa oikealla olevan k\u00e4yt\u00e4v\u00e4n varrella.<\/p>\n\n\n\n<p>Premiumhuone on auki:<\/p>\n\n\n\n<ul class=\"wp-block-list\">\n<li>maanantaista torstaihin klo 8:00 \u2013 20:00, lounastauko klo 14:00-15:00<\/li>\n\n\n\n<li>perjantaisin klo 8:00 \u2013 14:00<\/li>\n<\/ul>\n\n\n\n<p>Voit varata ajan terveysneuvojalle kysy\u00e4ksesi lis\u00e4tietoja\/hankkiaksesi kortin osoitteesta healthpremiumcard.com. Sivut ovat espanjaksi ja englanniksi, kohdasta \u201dpedir cita\u201d tai \u201drequest an apppoitment\u201d p\u00e4\u00e4set tekem\u00e4\u00e4n aikavarauksen kirjoittamalla lomakkeen lokeroihin etunimen, sukunimen, e-mailin, puhelinnumeron, viestin sek\u00e4 rasti ruutuun \u201dKyll\u00e4, olen lukenut ja ymm\u00e4rt\u00e4nyt yll\u00e4 olevan tietosuojak\u00e4yt\u00e4nn\u00f6n\u201d.<\/p>\n\n\n\n<p>Huomioitava, ett\u00e4 t\u00e4m\u00e4 <em>Health Premium Card <\/em>on voimassa vain Torreviejan Quironsaludissa.<\/p>\n\n\n\n<p>Sairaalan hyv\u00e4ksym\u00e4t vakuutusyhti\u00f6t l\u00f6ytyv\u00e4t sairaalan kotisivuilta <a href=\"https:\/\/www.quironsalud.es\/torrevieja\">https:\/\/www.quironsalud.es\/torrevieja<\/a> kohdasta \u201dInsurance companies\u201d. Tarkista vakuutuksesi kelpoisuus omasta yhti\u00f6st\u00e4si\/sairaalasta tarvittaessa.<\/p>\n","protected":false},"excerpt":{"rendered":"<p>Seuran tiloissa Torreviejassa ovat verenpainemittari ja henkil\u00f6vaaka j\u00e4senten k\u00e4ytet\u00e4viss\u00e4. Hammasklinikka Guido Audisio Osoite: C\/ Ram\u00f3n Gallud s\/n, Esq. C\/ Mar\u00eda Parodi 14, 03181 Torrevieja (Alicante) Aukioloajat tarkistat helpoiten klinikan kotisivuilta. Ajantilaus: suomeksi s\u00e4hk\u00f6postilla info (at) guidoaudisio.com tai viestill\u00e4 Facebook-sivun kautta. Espanjaksi tai englanniksi numerosta +34&nbsp;966 70 53 79. Sairaala Quironsalud Torrevieja Quironissa on t\u00f6iss\u00e4 maanantaista perjantaihin klo 9:00 \u2013 15:00 suomen kielen tulkki Pia Blinnikka. &hellip; <a href=\"https:\/\/www.costablancasuomiseura.es\/uusisivu\/terveyspalvelut\/\" class=\"more-link\">&#8211; Lue &#8211; <span class=\"screen-reader-text\">Terveyspalvelut<\/span><\/a><\/p>\n","protected":false},"author":2,"featured_media":0,"parent":0,"menu_order":0,"comment_status":"closed","ping_status":"closed","template":"","meta":{"footnotes":""},"class_list":["post-785","page","type-page","status-publish","hentry"],"post_mailing_queue_ids":[],"_links":{"self":[{"href":"https:\/\/www.costablancasuomiseura.es\/uusisivu\/wp-json\/wp\/v2\/pages\/785","targetHints":{"allow":["GET"]}}],"collection":[{"href":"https:\/\/www.costablancasuomiseura.es\/uusisivu\/wp-json\/wp\/v2\/pages"}],"about":[{"href":"https:\/\/www.costablancasuomiseura.es\/uusisivu\/wp-json\/wp\/v2\/types\/page"}],"author":[{"embeddable":true,"href":"https:\/\/www.costablancasuomiseura.es\/uusisivu\/wp-json\/wp\/v2\/users\/2"}],"replies":[{"embeddable":true,"href":"https:\/\/www.costablancasuomiseura.es\/uusisivu\/wp-json\/wp\/v2\/comments?post=785"}],"version-history":[{"count":12,"href":"https:\/\/www.costablancasuomiseura.es\/uusisivu\/wp-json\/wp\/v2\/pages\/785\/revisions"}],"predecessor-version":[{"id":1182,"href":"https:\/\/www.costablancasuomiseura.es\/uusisivu\/wp-json\/wp\/v2\/pages\/785\/revisions\/1182"}],"wp:attachment":[{"href":"https:\/\/www.costablancasuomiseura.es\/uusisivu\/wp-json\/wp\/v2\/media?parent=785"}],"curies":[{"name":"wp","href":"https:\/\/api.w.org\/{rel}","templated":true}]}}