{"id":704,"date":"2023-11-27T10:49:57","date_gmt":"2023-11-27T08:49:57","guid":{"rendered":"https:\/\/www.costablancasuomiseura.es\/uusisivu\/?page_id=704"},"modified":"2025-04-02T11:01:11","modified_gmt":"2025-04-02T09:01:11","slug":"kerhosaannot","status":"publish","type":"page","link":"https:\/\/www.costablancasuomiseura.es\/uusisivu\/kerhosaannot\/","title":{"rendered":"Kerhos\u00e4\u00e4nn\u00f6t"},"content":{"rendered":"\n<div data-wp-interactive=\"core\/file\" class=\"wp-block-file\"><object data-wp-bind--hidden=\"!state.hasPdfPreview\" hidden class=\"wp-block-file__embed\" data=\"https:\/\/www.costablancasuomiseura.es\/uusisivu\/wp-content\/uploads\/2025\/04\/Kerhosaannot_2025.pdf\" type=\"application\/pdf\" style=\"width:100%;height:600px\" aria-label=\"Tiedoston Kerhos\u00e4\u00e4nn\u00f6t_2025 upotus.\"><\/object><a id=\"wp-block-file--media-04edba47-22bb-48ea-8626-0fb59eb4cd0a\" href=\"https:\/\/www.costablancasuomiseura.es\/uusisivu\/wp-content\/uploads\/2025\/04\/Kerhosaannot_2025.pdf\">Kerhos\u00e4\u00e4nn\u00f6t_2025<\/a><a href=\"https:\/\/www.costablancasuomiseura.es\/uusisivu\/wp-content\/uploads\/2025\/04\/Kerhosaannot_2025.pdf\" class=\"wp-block-file__button wp-element-button\" download aria-describedby=\"wp-block-file--media-04edba47-22bb-48ea-8626-0fb59eb4cd0a\">Lataa<\/a><\/div>\n\n\n\n<p><\/p>\n","protected":false},"excerpt":{"rendered":"<p> <a href=\"https:\/\/www.costablancasuomiseura.es\/uusisivu\/kerhosaannot\/\" class=\"more-link\">&#8211; Lue &#8211; <span class=\"screen-reader-text\">Kerhos\u00e4\u00e4nn\u00f6t<\/span><\/a><\/p>\n","protected":false},"author":2,"featured_media":0,"parent":0,"menu_order":0,"comment_status":"closed","ping_status":"closed","template":"","meta":{"footnotes":""},"class_list":["post-704","page","type-page","status-publish","hentry"],"post_mailing_queue_ids":[],"_links":{"self":[{"href":"https:\/\/www.costablancasuomiseura.es\/uusisivu\/wp-json\/wp\/v2\/pages\/704","targetHints":{"allow":["GET"]}}],"collection":[{"href":"https:\/\/www.costablancasuomiseura.es\/uusisivu\/wp-json\/wp\/v2\/pages"}],"about":[{"href":"https:\/\/www.costablancasuomiseura.es\/uusisivu\/wp-json\/wp\/v2\/types\/page"}],"author":[{"embeddable":true,"href":"https:\/\/www.costablancasuomiseura.es\/uusisivu\/wp-json\/wp\/v2\/users\/2"}],"replies":[{"embeddable":true,"href":"https:\/\/www.costablancasuomiseura.es\/uusisivu\/wp-json\/wp\/v2\/comments?post=704"}],"version-history":[{"count":4,"href":"https:\/\/www.costablancasuomiseura.es\/uusisivu\/wp-json\/wp\/v2\/pages\/704\/revisions"}],"predecessor-version":[{"id":2279,"href":"https:\/\/www.costablancasuomiseura.es\/uusisivu\/wp-json\/wp\/v2\/pages\/704\/revisions\/2279"}],"wp:attachment":[{"href":"https:\/\/www.costablancasuomiseura.es\/uusisivu\/wp-json\/wp\/v2\/media?parent=704"}],"curies":[{"name":"wp","href":"https:\/\/api.w.org\/{rel}","templated":true}]}}