{"id":70,"date":"2023-05-29T10:13:41","date_gmt":"2023-05-29T10:13:41","guid":{"rendered":"https:\/\/www.costablancasuomiseura.es\/uusisivu\/?page_id=70"},"modified":"2025-11-28T15:53:04","modified_gmt":"2025-11-28T13:53:04","slug":"jasenedut","status":"publish","type":"page","link":"https:\/\/www.costablancasuomiseura.es\/uusisivu\/jasenedut\/","title":{"rendered":"J\u00e4senedut"},"content":{"rendered":"\n<p>T\u00e4t\u00e4 sivua uusitaan parhaillaan, tiedot tulossa pian lis\u00e4\u00e4!<\/p>\n\n\n<div class=\"wp-block-image\">\n<figure class=\"alignright size-large is-resized\"><img loading=\"lazy\" decoding=\"async\" width=\"1024\" height=\"543\" src=\"https:\/\/www.costablancasuomiseura.es\/uusisivu\/wp-content\/uploads\/2025\/11\/Saunavuorot-1-1024x543.png\" alt=\"\" class=\"wp-image-2384\" style=\"width:464px;height:auto\" srcset=\"https:\/\/www.costablancasuomiseura.es\/uusisivu\/wp-content\/uploads\/2025\/11\/Saunavuorot-1-1024x543.png 1024w, https:\/\/www.costablancasuomiseura.es\/uusisivu\/wp-content\/uploads\/2025\/11\/Saunavuorot-1-300x159.png 300w, https:\/\/www.costablancasuomiseura.es\/uusisivu\/wp-content\/uploads\/2025\/11\/Saunavuorot-1-768x407.png 768w, https:\/\/www.costablancasuomiseura.es\/uusisivu\/wp-content\/uploads\/2025\/11\/Saunavuorot-1-170x90.png 170w, https:\/\/www.costablancasuomiseura.es\/uusisivu\/wp-content\/uploads\/2025\/11\/Saunavuorot-1.png 1080w\" sizes=\"auto, (max-width: 1024px) 100vw, 1024px\" \/><\/figure>\n<\/div>\n\n\n<p><strong>Otavan Saunavuoro<\/strong><\/p>\n\n\n\n<p>Suomi Seuran j\u00e4senet saavat alennusta Otava Lounge&amp;Bar&#8217;in saunavuoroista 25.11.2025 alkaen (voimassa toistaiseksi. <\/p>\n\n\n\n<p>Voit varata saunavuoron suoraan heilt\u00e4 ja alennuksen saat esitt\u00e4m\u00e4ll\u00e4 Membook-j\u00e4senkortin. Huomoithan, ett\u00e4 pahvinen j\u00e4senkortti ei ole en\u00e4\u00e4 voimassa. <\/p>\n\n\n\n<p>J\u00e4senhinnat: <br>Iso sauna (4 hl\u00f6) 75min 30\u20ac<br>Pieni sauna (2 hl\u00f6) 75min 20\u20ac<br>Lenkkisauna 8\u20ac\/j\u00e4sen<br>Lis\u00e4henkil\u00f6t\/sauna hinnaston mukaan.<\/p>\n\n\n\n<p>Lis\u00e4tietoa sek\u00e4 yhteystiedot l\u00f6yd\u00e4t Otavan <a href=\"https:\/\/otavasauna.com\/\">nettisivuilta<\/a>.<br>J\u00e4senetu ei koskea vakiosaunavuorolaisia. <br>Perjantain vakiosaunavuoro on toistaiseksi peruttu. <\/p>\n\n\n\n<p><\/p>\n","protected":false},"excerpt":{"rendered":"<p>T\u00e4t\u00e4 sivua uusitaan parhaillaan, tiedot tulossa pian lis\u00e4\u00e4! Otavan Saunavuoro Suomi Seuran j\u00e4senet saavat alennusta Otava Lounge&amp;Bar&#8217;in saunavuoroista 25.11.2025 alkaen (voimassa toistaiseksi. Voit varata saunavuoron suoraan heilt\u00e4 ja alennuksen saat esitt\u00e4m\u00e4ll\u00e4 Membook-j\u00e4senkortin. Huomoithan, ett\u00e4 pahvinen j\u00e4senkortti ei ole en\u00e4\u00e4 voimassa. J\u00e4senhinnat: Iso sauna (4 hl\u00f6) 75min 30\u20acPieni sauna (2 hl\u00f6) 75min 20\u20acLenkkisauna 8\u20ac\/j\u00e4senLis\u00e4henkil\u00f6t\/sauna hinnaston mukaan. Lis\u00e4tietoa sek\u00e4 yhteystiedot l\u00f6yd\u00e4t Otavan nettisivuilta.J\u00e4senetu ei koskea vakiosaunavuorolaisia. Perjantain &hellip; <a href=\"https:\/\/www.costablancasuomiseura.es\/uusisivu\/jasenedut\/\" class=\"more-link\">&#8211; Lue &#8211; <span class=\"screen-reader-text\">J\u00e4senedut<\/span><\/a><\/p>\n","protected":false},"author":2,"featured_media":0,"parent":0,"menu_order":0,"comment_status":"closed","ping_status":"closed","template":"","meta":{"footnotes":""},"class_list":["post-70","page","type-page","status-publish","hentry"],"post_mailing_queue_ids":[],"_links":{"self":[{"href":"https:\/\/www.costablancasuomiseura.es\/uusisivu\/wp-json\/wp\/v2\/pages\/70","targetHints":{"allow":["GET"]}}],"collection":[{"href":"https:\/\/www.costablancasuomiseura.es\/uusisivu\/wp-json\/wp\/v2\/pages"}],"about":[{"href":"https:\/\/www.costablancasuomiseura.es\/uusisivu\/wp-json\/wp\/v2\/types\/page"}],"author":[{"embeddable":true,"href":"https:\/\/www.costablancasuomiseura.es\/uusisivu\/wp-json\/wp\/v2\/users\/2"}],"replies":[{"embeddable":true,"href":"https:\/\/www.costablancasuomiseura.es\/uusisivu\/wp-json\/wp\/v2\/comments?post=70"}],"version-history":[{"count":44,"href":"https:\/\/www.costablancasuomiseura.es\/uusisivu\/wp-json\/wp\/v2\/pages\/70\/revisions"}],"predecessor-version":[{"id":2385,"href":"https:\/\/www.costablancasuomiseura.es\/uusisivu\/wp-json\/wp\/v2\/pages\/70\/revisions\/2385"}],"wp:attachment":[{"href":"https:\/\/www.costablancasuomiseura.es\/uusisivu\/wp-json\/wp\/v2\/media?parent=70"}],"curies":[{"name":"wp","href":"https:\/\/api.w.org\/{rel}","templated":true}]}}