{"id":624,"date":"2023-11-16T19:16:18","date_gmt":"2023-11-16T17:16:18","guid":{"rendered":"https:\/\/www.costablancasuomiseura.es\/uusisivu\/?page_id=624"},"modified":"2023-11-16T19:16:19","modified_gmt":"2023-11-16T17:16:19","slug":"suomi-seuran-matka-galiciaan-12-16-3-2023","status":"publish","type":"page","link":"https:\/\/www.costablancasuomiseura.es\/uusisivu\/suomi-seuran-matka-galiciaan-12-16-3-2023\/","title":{"rendered":"Suomi-Seuran matka Galiciaan 12. \u2013 16.3.2023"},"content":{"rendered":"\n<p>Sunnuntaiaamuna 32 suomiseuralaista (+ Sami Sanchez) suunnisti bussilla kohti Alicanten lentokentt\u00e4\u00e4, josta lensimme Santiago de Compostelaan (1,5 h).<br>Oppaamme Erkki Gerovoi oli meit\u00e4 vastassa kent\u00e4ll\u00e4 ja siirrymme bussilla Gran Hotel Eurostariin.<br>Alkuillasta kiertelimme ryhm\u00e4n\u00e4 Santiagon vanhaa kaupunkia, ja ilta p\u00e4\u00e4ttyi pyhiinvaeltajien messuun Katedraalissa.<br>Santiago de Compostelan katedraali on Unescon maailmanperint\u00f6kohde, jonka uskotaan olevan paikka, johon apostoli Pyh\u00e4 Jaakob haudattiin. Se on my\u00f6s yksi ainoista kolmesta tunnetusta kirkosta maailmassa, jotka on rakennettu Jeesuksen apostolin haudan p\u00e4\u00e4lle.<br>hotellista oli matkaa vanhaan kaupunkiin 1,7 km. Matkalle osui my\u00f6s upea Alamedan puisto.<\/p>\n\n\n\n<figure class=\"wp-block-image\"><img loading=\"lazy\" decoding=\"async\" width=\"605\" height=\"454\" src=\"https:\/\/www.costablancasuomiseura.es\/uusisivu\/wp-content\/uploads\/2023\/11\/image-1.png\" alt=\"\" class=\"wp-image-469\" srcset=\"https:\/\/www.costablancasuomiseura.es\/uusisivu\/wp-content\/uploads\/2023\/11\/image-1.png 605w, https:\/\/www.costablancasuomiseura.es\/uusisivu\/wp-content\/uploads\/2023\/11\/image-1-300x225.png 300w, https:\/\/www.costablancasuomiseura.es\/uusisivu\/wp-content\/uploads\/2023\/11\/image-1-120x90.png 120w\" sizes=\"auto, (max-width: 605px) 100vw, 605px\" \/><\/figure>\n\n\n\n<p>2. pv<\/p>\n\n\n\n<p>13.3 2023 p\u00e4iv\u00e4 aloitettiin Cambadoksesta tutustumalla 1400-luvulla Juana de Hungr\u00edan ja Mar\u00eda de Ulloan k\u00e4skyst\u00e4 rakennetun Santa Mar\u00eda Dozon kirkon raunioihin ja hyvin kauniiseen hautausmaahan.<\/p>\n\n\n\n<figure class=\"wp-block-image\"><img loading=\"lazy\" decoding=\"async\" width=\"445\" height=\"593\" src=\"https:\/\/www.costablancasuomiseura.es\/uusisivu\/wp-content\/uploads\/2023\/11\/image-2.png\" alt=\"\" class=\"wp-image-474\" srcset=\"https:\/\/www.costablancasuomiseura.es\/uusisivu\/wp-content\/uploads\/2023\/11\/image-2.png 445w, https:\/\/www.costablancasuomiseura.es\/uusisivu\/wp-content\/uploads\/2023\/11\/image-2-225x300.png 225w, https:\/\/www.costablancasuomiseura.es\/uusisivu\/wp-content\/uploads\/2023\/11\/image-2-68x90.png 68w\" sizes=\"auto, (max-width: 445px) 100vw, 445px\" \/><\/figure>\n\n\n\n<p>Matka jatkui O Groveen, jossa l\u00e4hdettiin risteilylle tutustumaan ostereiden ja simpukoiden viljelyyn. Tarjoilu pelasi hyvin, viini\u00e4 ja taatusti tuoreita sinisimpukoita sai sy\u00f6d\u00e4 niin paljon kun jaksoi \u2013 ja meh\u00e4n jaksoimme (5 ltk\/3 henkil\u00f6\u00e4).<\/p>\n\n\n\n<figure class=\"wp-block-image\"><img loading=\"lazy\" decoding=\"async\" width=\"442\" height=\"332\" src=\"https:\/\/www.costablancasuomiseura.es\/uusisivu\/wp-content\/uploads\/2023\/11\/image-3.png\" alt=\"\" class=\"wp-image-495\" srcset=\"https:\/\/www.costablancasuomiseura.es\/uusisivu\/wp-content\/uploads\/2023\/11\/image-3.png 442w, https:\/\/www.costablancasuomiseura.es\/uusisivu\/wp-content\/uploads\/2023\/11\/image-3-300x225.png 300w, https:\/\/www.costablancasuomiseura.es\/uusisivu\/wp-content\/uploads\/2023\/11\/image-3-120x90.png 120w\" sizes=\"auto, (max-width: 442px) 100vw, 442px\" \/><\/figure>\n\n\n\n<p>La Tojan saari on yksi Galician tunnetuimmista saarista. Saaressa sijaitsee mm. kylpyl\u00f6it\u00e4 luksushotelleja, kongressikeskus, kasino. aidatut yhteis\u00f6t jne. La Toja on nykyisin espanjan rikkaimpien henkil\u00f6iden asuinalue mm. Inditexin (mm. Zara) omistaja Amancio Ortega Gaona asuu saarella.<\/p>\n\n\n\n<figure class=\"wp-block-image\"><img loading=\"lazy\" decoding=\"async\" width=\"510\" height=\"382\" src=\"https:\/\/www.costablancasuomiseura.es\/uusisivu\/wp-content\/uploads\/2023\/11\/image-4.png\" alt=\"\" class=\"wp-image-497\" srcset=\"https:\/\/www.costablancasuomiseura.es\/uusisivu\/wp-content\/uploads\/2023\/11\/image-4.png 510w, https:\/\/www.costablancasuomiseura.es\/uusisivu\/wp-content\/uploads\/2023\/11\/image-4-300x225.png 300w, https:\/\/www.costablancasuomiseura.es\/uusisivu\/wp-content\/uploads\/2023\/11\/image-4-120x90.png 120w\" sizes=\"auto, (max-width: 510px) 100vw, 510px\" \/><\/figure>\n\n\n\n<p>Matkalla piipahdettiin my\u00f6s Combarron kyl\u00e4ss\u00e4, joka sijaitsee R\u00edas Baixasin suistoissa kuuden kilometrin p\u00e4\u00e4ss\u00e4 Pontevedran kaupungista.<br>Combarron vanha kortteli on julistettu kulttuurikohteeksi. Kyl\u00e4st\u00e4 on mm. Galician rinteisi\u00e4 korotettuja viljamakasiineja, meritaloja.&nbsp;<\/p>\n\n\n\n<figure class=\"wp-block-image\"><img loading=\"lazy\" decoding=\"async\" width=\"615\" height=\"461\" src=\"https:\/\/www.costablancasuomiseura.es\/uusisivu\/wp-content\/uploads\/2023\/11\/image-5.png\" alt=\"\" class=\"wp-image-499\" srcset=\"https:\/\/www.costablancasuomiseura.es\/uusisivu\/wp-content\/uploads\/2023\/11\/image-5.png 615w, https:\/\/www.costablancasuomiseura.es\/uusisivu\/wp-content\/uploads\/2023\/11\/image-5-300x225.png 300w, https:\/\/www.costablancasuomiseura.es\/uusisivu\/wp-content\/uploads\/2023\/11\/image-5-120x90.png 120w\" sizes=\"auto, (max-width: 615px) 100vw, 615px\" \/><\/figure>\n\n\n\n<p>Pontevedra kaupungin t\u00e4rkeimpi\u00e4 n\u00e4ht\u00e4vyyksi\u00e4 ovat hyvin s\u00e4ilynyt keskiaikainen vanhakaupunki ja pyhiinvaeltajien kirkko Praza de Peregrina -aukiolla. Portugalista l\u00e4htev\u00e4 etel\u00e4inen pyhiivaellusreitti Santiago de Compostelaan kulkee Pontevedran kaupungin kautta.<\/p>\n\n\n\n<p>Kristoffer Kolumbuksen ensimm\u00e4isell\u00e4 l\u00f6yt\u00f6retkell\u00e4\u00e4n k\u00e4ytt\u00e4m\u00e4 lippulaiva, Santa Mar\u00eda oli rakennettu Pontevedrassa.<\/p>\n\n\n\n<figure class=\"wp-block-image\"><img loading=\"lazy\" decoding=\"async\" width=\"489\" height=\"653\" src=\"https:\/\/www.costablancasuomiseura.es\/uusisivu\/wp-content\/uploads\/2023\/11\/image-6.png\" alt=\"\" class=\"wp-image-503\" srcset=\"https:\/\/www.costablancasuomiseura.es\/uusisivu\/wp-content\/uploads\/2023\/11\/image-6.png 489w, https:\/\/www.costablancasuomiseura.es\/uusisivu\/wp-content\/uploads\/2023\/11\/image-6-225x300.png 225w, https:\/\/www.costablancasuomiseura.es\/uusisivu\/wp-content\/uploads\/2023\/11\/image-6-67x90.png 67w\" sizes=\"auto, (max-width: 489px) 100vw, 489px\" \/><\/figure>\n\n\n\n<p>Paluumatkalla vierailimme viel\u00e4 R\u00edas Baixas \u2013 viinialueen yhdell\u00e4 parhaista viinitiloista Bodegas Granbazanissa maistelemassa Albarino-viinej\u00e4.<br>Alueella viinik\u00f6ynn\u00f6kset kasvatetaan betonisten pylv\u00e4inen p\u00e4\u00e4ll\u00e4, alueen sateisen ilmaston johdosta.<\/p>\n\n\n\n<figure class=\"wp-block-image\"><img loading=\"lazy\" decoding=\"async\" width=\"554\" height=\"739\" src=\"https:\/\/www.costablancasuomiseura.es\/uusisivu\/wp-content\/uploads\/2023\/11\/image-7.png\" alt=\"\" class=\"wp-image-505\" srcset=\"https:\/\/www.costablancasuomiseura.es\/uusisivu\/wp-content\/uploads\/2023\/11\/image-7.png 554w, https:\/\/www.costablancasuomiseura.es\/uusisivu\/wp-content\/uploads\/2023\/11\/image-7-225x300.png 225w, https:\/\/www.costablancasuomiseura.es\/uusisivu\/wp-content\/uploads\/2023\/11\/image-7-67x90.png 67w\" sizes=\"auto, (max-width: 554px) 100vw, 554px\" \/><\/figure>\n\n\n\n<p>3 pv<\/p>\n\n\n\n<p>Matka jatkui A Coru\u00f1aan.<br>Bussi j\u00e4tti meid\u00e4t rantapaseolle, jossa oli maailman pisin, vaikuttava pikkuikkunarivist\u00f6. Paseo tuntui jatkuvan ja jatkuvan.<br>A Corunan on \u201dparveke yli Atlantin\u201d. Kaupungin historia liittyy l\u00e4heisesti sen vanhaan kalastus- ja kauppasatamaan.<br>Niemimaalla, jolla vanha kaupunki sijaitsee, on roomalainen majakka, 2000 v. vanha Herkuleen torni, yksi kaupungin symboleista, joka ohjaa edelleen merimiehi\u00e4.&nbsp;<\/p>\n\n\n\n<p>A Coru\u00f1a oli kaunis ja siisti kaupunki, johon voisi menn\u00e4 uudelleen.<\/p>\n\n\n\n<figure class=\"wp-block-image\"><img loading=\"lazy\" decoding=\"async\" width=\"415\" height=\"554\" src=\"https:\/\/www.costablancasuomiseura.es\/uusisivu\/wp-content\/uploads\/2023\/11\/image-8.png\" alt=\"\" class=\"wp-image-506\" srcset=\"https:\/\/www.costablancasuomiseura.es\/uusisivu\/wp-content\/uploads\/2023\/11\/image-8.png 415w, https:\/\/www.costablancasuomiseura.es\/uusisivu\/wp-content\/uploads\/2023\/11\/image-8-225x300.png 225w, https:\/\/www.costablancasuomiseura.es\/uusisivu\/wp-content\/uploads\/2023\/11\/image-8-67x90.png 67w\" sizes=\"auto, (max-width: 415px) 100vw, 415px\" \/><\/figure>\n\n\n\n<figure class=\"wp-block-image\"><img loading=\"lazy\" decoding=\"async\" width=\"772\" height=\"579\" src=\"https:\/\/www.costablancasuomiseura.es\/uusisivu\/wp-content\/uploads\/2023\/11\/image-9.png\" alt=\"\" class=\"wp-image-507\" srcset=\"https:\/\/www.costablancasuomiseura.es\/uusisivu\/wp-content\/uploads\/2023\/11\/image-9.png 772w, https:\/\/www.costablancasuomiseura.es\/uusisivu\/wp-content\/uploads\/2023\/11\/image-9-300x225.png 300w, https:\/\/www.costablancasuomiseura.es\/uusisivu\/wp-content\/uploads\/2023\/11\/image-9-768x576.png 768w, https:\/\/www.costablancasuomiseura.es\/uusisivu\/wp-content\/uploads\/2023\/11\/image-9-120x90.png 120w\" sizes=\"auto, (max-width: 772px) 100vw, 772px\" \/><\/figure>\n\n\n\n<p>A Coru\u00f1asta jatkoimme matkaa Fisterraan, joka on muinainen satama- ja kalastajakyl\u00e4. Kallioinen \u201dKuoleman rannikko\u201d on nimetty n\u00e4iden rantojen haaksirikkojen suuren m\u00e4\u00e4r\u00e4n vuoksi. K\u00e4vimme my\u00f6s Finisterren niemell\u00e4, joka on monien pyhiinvaeltajien lopullinen kohde Pyh\u00e4n Jaakobin tiell\u00e4.<br>Fisterran majakka on edelleen toiminnasssa Atlantin rannalla.<\/p>\n\n\n\n<figure class=\"wp-block-image\"><img loading=\"lazy\" decoding=\"async\" width=\"872\" height=\"654\" src=\"https:\/\/www.costablancasuomiseura.es\/uusisivu\/wp-content\/uploads\/2023\/11\/image-11.png\" alt=\"\" class=\"wp-image-511\" srcset=\"https:\/\/www.costablancasuomiseura.es\/uusisivu\/wp-content\/uploads\/2023\/11\/image-11.png 872w, https:\/\/www.costablancasuomiseura.es\/uusisivu\/wp-content\/uploads\/2023\/11\/image-11-300x225.png 300w, https:\/\/www.costablancasuomiseura.es\/uusisivu\/wp-content\/uploads\/2023\/11\/image-11-768x576.png 768w, https:\/\/www.costablancasuomiseura.es\/uusisivu\/wp-content\/uploads\/2023\/11\/image-11-870x654.png 870w, https:\/\/www.costablancasuomiseura.es\/uusisivu\/wp-content\/uploads\/2023\/11\/image-11-120x90.png 120w\" sizes=\"auto, (max-width: 872px) 100vw, 872px\" \/><\/figure>\n\n\n\n<p>4 pv<\/p>\n\n\n\n<p>Keskiviikkona ajoimme Ourenseen, Minho-joen rannalla, jossa meill\u00e4 oli turhan paljon vapaa-aikaa, koska paikalliset \u201dher\u00e4iliv\u00e4t ja availivat myym\u00e4l\u00f6it\u00e4\u201d vasta 11 j\u00e4lkeen. Kuumia, mineraalipitoisia l\u00e4hteit\u00e4 n\u00e4htiin muutamia.<\/p>\n\n\n\n<figure class=\"wp-block-image\"><img loading=\"lazy\" decoding=\"async\" width=\"464\" height=\"619\" src=\"https:\/\/www.costablancasuomiseura.es\/uusisivu\/wp-content\/uploads\/2023\/11\/image-12.png\" alt=\"\" class=\"wp-image-513\" srcset=\"https:\/\/www.costablancasuomiseura.es\/uusisivu\/wp-content\/uploads\/2023\/11\/image-12.png 464w, https:\/\/www.costablancasuomiseura.es\/uusisivu\/wp-content\/uploads\/2023\/11\/image-12-225x300.png 225w, https:\/\/www.costablancasuomiseura.es\/uusisivu\/wp-content\/uploads\/2023\/11\/image-12-67x90.png 67w\" sizes=\"auto, (max-width: 464px) 100vw, 464px\" \/><\/figure>\n\n\n\n<p>Ourensesta l\u00e4hdimme Sil-joelle risteilylle. Sil-joen kanjoni on luonnonmuodostelma Sil-joen varrella. Se kattaa Silin viimeiset 50 km ennen joen yhtymist\u00e4 Minhoon. Maisemia pidet\u00e4\u00e4n Galician sis\u00e4maan jylhimpin\u00e4. Rotkon sein\u00e4m\u00e4t kohoavat paikoin 500 metrin korkeuteen joen pinnasta. Joen aurinkoisempi ranta on monin paikoin pengerretty. Penkereill\u00e4 on kasvatettu viini\u00e4 jo roomalaisvallan ajoista alkaen.<\/p>\n\n\n\n<figure class=\"wp-block-image\"><img loading=\"lazy\" decoding=\"async\" width=\"389\" height=\"616\" src=\"https:\/\/www.costablancasuomiseura.es\/uusisivu\/wp-content\/uploads\/2023\/11\/image-13.png\" alt=\"\" class=\"wp-image-515\" srcset=\"https:\/\/www.costablancasuomiseura.es\/uusisivu\/wp-content\/uploads\/2023\/11\/image-13.png 389w, https:\/\/www.costablancasuomiseura.es\/uusisivu\/wp-content\/uploads\/2023\/11\/image-13-189x300.png 189w, https:\/\/www.costablancasuomiseura.es\/uusisivu\/wp-content\/uploads\/2023\/11\/image-13-57x90.png 57w\" sizes=\"auto, (max-width: 389px) 100vw, 389px\" \/><\/figure>\n\n\n\n<p>Viimeinen ilta kului hotellissa yhteisen illallisen merkeiss\u00e4.<\/p>\n\n\n\n<p>Oli mukava k\u00e4yd\u00e4 Espanjan sateisimmassa ja uloimmassa kolkassa, joka yll\u00e4tti s\u00e4iden puolesta: kertaakaan emme kastuneet. Viile\u00e4n y\u00f6n j\u00e4lkeen oli jopa +24 astetta ja aurinkoista. Alue on sijaintinsa takia hyvin vehre\u00e4\u00e4. Santiagossa oli joka puolella kameliapuita ja magnolioita ja matkalla n\u00e4imme my\u00f6s villin\u00e4 kasvavia valkoisia kalloja.<\/p>\n\n\n\n<figure class=\"wp-block-image\"><img loading=\"lazy\" decoding=\"async\" width=\"632\" height=\"772\" src=\"https:\/\/www.costablancasuomiseura.es\/uusisivu\/wp-content\/uploads\/2023\/11\/image-14.png\" alt=\"\" class=\"wp-image-516\" srcset=\"https:\/\/www.costablancasuomiseura.es\/uusisivu\/wp-content\/uploads\/2023\/11\/image-14.png 632w, https:\/\/www.costablancasuomiseura.es\/uusisivu\/wp-content\/uploads\/2023\/11\/image-14-246x300.png 246w, https:\/\/www.costablancasuomiseura.es\/uusisivu\/wp-content\/uploads\/2023\/11\/image-14-74x90.png 74w\" sizes=\"auto, (max-width: 632px) 100vw, 632px\" \/><\/figure>\n\n\n\n<figure class=\"wp-block-image\"><img loading=\"lazy\" decoding=\"async\" width=\"744\" height=\"558\" src=\"https:\/\/www.costablancasuomiseura.es\/uusisivu\/wp-content\/uploads\/2023\/11\/image-15.png\" alt=\"\" class=\"wp-image-518\" srcset=\"https:\/\/www.costablancasuomiseura.es\/uusisivu\/wp-content\/uploads\/2023\/11\/image-15.png 744w, https:\/\/www.costablancasuomiseura.es\/uusisivu\/wp-content\/uploads\/2023\/11\/image-15-300x225.png 300w, https:\/\/www.costablancasuomiseura.es\/uusisivu\/wp-content\/uploads\/2023\/11\/image-15-120x90.png 120w\" sizes=\"auto, (max-width: 744px) 100vw, 744px\" \/><\/figure>\n\n\n\n<figure class=\"wp-block-image\"><img loading=\"lazy\" decoding=\"async\" width=\"300\" height=\"225\" src=\"https:\/\/www.costablancasuomiseura.es\/uusisivu\/wp-content\/uploads\/2023\/11\/image-16.png\" alt=\"\" class=\"wp-image-520\" srcset=\"https:\/\/www.costablancasuomiseura.es\/uusisivu\/wp-content\/uploads\/2023\/11\/image-16.png 300w, https:\/\/www.costablancasuomiseura.es\/uusisivu\/wp-content\/uploads\/2023\/11\/image-16-120x90.png 120w\" sizes=\"auto, (max-width: 300px) 100vw, 300px\" \/><\/figure>\n\n\n\n<p>Teksti ja kuvat: Pirjo M\u00e4kinen ja Mallu Ranta<\/p>\n","protected":false},"excerpt":{"rendered":"<p>Sunnuntaiaamuna 32 suomiseuralaista (+ Sami Sanchez) suunnisti bussilla kohti Alicanten lentokentt\u00e4\u00e4, josta lensimme Santiago de Compostelaan (1,5 h).Oppaamme Erkki Gerovoi oli meit\u00e4 vastassa kent\u00e4ll\u00e4 ja siirrymme bussilla Gran Hotel Eurostariin.Alkuillasta kiertelimme ryhm\u00e4n\u00e4 Santiagon vanhaa kaupunkia, ja ilta p\u00e4\u00e4ttyi pyhiinvaeltajien messuun Katedraalissa.Santiago de Compostelan katedraali on Unescon maailmanperint\u00f6kohde, jonka uskotaan olevan paikka, johon apostoli Pyh\u00e4 Jaakob haudattiin. Se on my\u00f6s yksi ainoista kolmesta tunnetusta kirkosta maailmassa, &hellip; <a href=\"https:\/\/www.costablancasuomiseura.es\/uusisivu\/suomi-seuran-matka-galiciaan-12-16-3-2023\/\" class=\"more-link\">&#8211; Lue &#8211; <span class=\"screen-reader-text\">Suomi-Seuran matka Galiciaan 12. \u2013 16.3.2023<\/span><\/a><\/p>\n","protected":false},"author":2,"featured_media":0,"parent":0,"menu_order":0,"comment_status":"closed","ping_status":"closed","template":"","meta":{"footnotes":""},"class_list":["post-624","page","type-page","status-publish","hentry"],"post_mailing_queue_ids":[],"_links":{"self":[{"href":"https:\/\/www.costablancasuomiseura.es\/uusisivu\/wp-json\/wp\/v2\/pages\/624","targetHints":{"allow":["GET"]}}],"collection":[{"href":"https:\/\/www.costablancasuomiseura.es\/uusisivu\/wp-json\/wp\/v2\/pages"}],"about":[{"href":"https:\/\/www.costablancasuomiseura.es\/uusisivu\/wp-json\/wp\/v2\/types\/page"}],"author":[{"embeddable":true,"href":"https:\/\/www.costablancasuomiseura.es\/uusisivu\/wp-json\/wp\/v2\/users\/2"}],"replies":[{"embeddable":true,"href":"https:\/\/www.costablancasuomiseura.es\/uusisivu\/wp-json\/wp\/v2\/comments?post=624"}],"version-history":[{"count":1,"href":"https:\/\/www.costablancasuomiseura.es\/uusisivu\/wp-json\/wp\/v2\/pages\/624\/revisions"}],"predecessor-version":[{"id":625,"href":"https:\/\/www.costablancasuomiseura.es\/uusisivu\/wp-json\/wp\/v2\/pages\/624\/revisions\/625"}],"wp:attachment":[{"href":"https:\/\/www.costablancasuomiseura.es\/uusisivu\/wp-json\/wp\/v2\/media?parent=624"}],"curies":[{"name":"wp","href":"https:\/\/api.w.org\/{rel}","templated":true}]}}