{"id":43,"date":"2023-05-25T11:07:48","date_gmt":"2023-05-25T11:07:48","guid":{"rendered":"https:\/\/www.costablancasuomiseura.es\/uusisivu\/?page_id=43"},"modified":"2023-12-18T19:35:24","modified_gmt":"2023-12-18T17:35:24","slug":"paikallistietoa","status":"publish","type":"page","link":"https:\/\/www.costablancasuomiseura.es\/uusisivu\/paikallistietoa\/","title":{"rendered":"Paikallistietoa"},"content":{"rendered":"\n<p>Paikallistietoa osiosta l\u00f6ytyy otsikonmukaisesti tietoa Torreviejasta \u2013 mm yrityksist\u00e4 jotka toimivat tuolla, tulkkipalveluista, julkisesta liikenteest\u00e4, juhlapyhist\u00e4 yms. <\/p>\n\n\n\n<figure class=\"wp-block-image size-full is-resized\"><img loading=\"lazy\" decoding=\"async\" width=\"724\" height=\"1024\" src=\"https:\/\/www.costablancasuomiseura.es\/uusisivu\/wp-content\/uploads\/2023\/11\/UCB-kansi-2023-3-724x1024-1.png\" alt=\"\" class=\"wp-image-312\" style=\"width:257px;height:auto\" srcset=\"https:\/\/www.costablancasuomiseura.es\/uusisivu\/wp-content\/uploads\/2023\/11\/UCB-kansi-2023-3-724x1024-1.png 724w, https:\/\/www.costablancasuomiseura.es\/uusisivu\/wp-content\/uploads\/2023\/11\/UCB-kansi-2023-3-724x1024-1-212x300.png 212w, https:\/\/www.costablancasuomiseura.es\/uusisivu\/wp-content\/uploads\/2023\/11\/UCB-kansi-2023-3-724x1024-1-64x90.png 64w\" sizes=\"auto, (max-width: 724px) 100vw, 724px\" \/><\/figure>\n\n\n\n<p><\/p>\n","protected":false},"excerpt":{"rendered":"<p>Paikallistietoa osiosta l\u00f6ytyy otsikonmukaisesti tietoa Torreviejasta \u2013 mm yrityksist\u00e4 jotka toimivat tuolla, tulkkipalveluista, julkisesta liikenteest\u00e4, juhlapyhist\u00e4 yms. <a href=\"https:\/\/www.costablancasuomiseura.es\/uusisivu\/paikallistietoa\/\" class=\"more-link\">&#8211; Lue &#8211; <span class=\"screen-reader-text\">Paikallistietoa<\/span><\/a><\/p>\n","protected":false},"author":2,"featured_media":0,"parent":0,"menu_order":0,"comment_status":"closed","ping_status":"closed","template":"","meta":{"footnotes":""},"class_list":["post-43","page","type-page","status-publish","hentry"],"post_mailing_queue_ids":[],"_links":{"self":[{"href":"https:\/\/www.costablancasuomiseura.es\/uusisivu\/wp-json\/wp\/v2\/pages\/43","targetHints":{"allow":["GET"]}}],"collection":[{"href":"https:\/\/www.costablancasuomiseura.es\/uusisivu\/wp-json\/wp\/v2\/pages"}],"about":[{"href":"https:\/\/www.costablancasuomiseura.es\/uusisivu\/wp-json\/wp\/v2\/types\/page"}],"author":[{"embeddable":true,"href":"https:\/\/www.costablancasuomiseura.es\/uusisivu\/wp-json\/wp\/v2\/users\/2"}],"replies":[{"embeddable":true,"href":"https:\/\/www.costablancasuomiseura.es\/uusisivu\/wp-json\/wp\/v2\/comments?post=43"}],"version-history":[{"count":3,"href":"https:\/\/www.costablancasuomiseura.es\/uusisivu\/wp-json\/wp\/v2\/pages\/43\/revisions"}],"predecessor-version":[{"id":1023,"href":"https:\/\/www.costablancasuomiseura.es\/uusisivu\/wp-json\/wp\/v2\/pages\/43\/revisions\/1023"}],"wp:attachment":[{"href":"https:\/\/www.costablancasuomiseura.es\/uusisivu\/wp-json\/wp\/v2\/media?parent=43"}],"curies":[{"name":"wp","href":"https:\/\/api.w.org\/{rel}","templated":true}]}}