{"id":427,"date":"2023-11-16T12:09:23","date_gmt":"2023-11-16T10:09:23","guid":{"rendered":"https:\/\/www.costablancasuomiseura.es\/uusisivu\/?page_id=427"},"modified":"2023-12-19T09:14:38","modified_gmt":"2023-12-19T07:14:38","slug":"yhdistys-2","status":"publish","type":"page","link":"https:\/\/www.costablancasuomiseura.es\/uusisivu\/yhdistys-2\/","title":{"rendered":"Yhdistys"},"content":{"rendered":"\n<h1 class=\"wp-block-heading\">Ota yhteytt\u00e4<\/h1>\n\n\n\n<p>Costa Blanca Suomi-Seuran tavoitat toimiston puhelimesta +34 634 38 6355 infon <a href=\"https:\/\/www.costablancasuomiseura.es\/uusisivu\/infopiste-ja-toimitilat\/\" data-type=\"link\" data-id=\"https:\/\/www.costablancasuomiseura.es\/uusisivu\/infopiste-ja-toimitilat\/\">aukioloaikana <\/a>ja\/tai s\u00e4hk\u00f6postiosoitteesta&nbsp;cbsuomiseura (at) gmail.com.<\/p>\n\n\n\n<figure class=\"wp-block-image size-full is-resized\"><img loading=\"lazy\" decoding=\"async\" width=\"1200\" height=\"900\" src=\"https:\/\/www.costablancasuomiseura.es\/uusisivu\/wp-content\/uploads\/2023\/12\/kadulta-seuran-nimi-kulma-1200.jpg\" alt=\"costa blanca suomi seura, torrevieja, calle suecia\" class=\"wp-image-907\" style=\"width:303px;height:auto\" srcset=\"https:\/\/www.costablancasuomiseura.es\/uusisivu\/wp-content\/uploads\/2023\/12\/kadulta-seuran-nimi-kulma-1200.jpg 1200w, https:\/\/www.costablancasuomiseura.es\/uusisivu\/wp-content\/uploads\/2023\/12\/kadulta-seuran-nimi-kulma-1200-300x225.jpg 300w, https:\/\/www.costablancasuomiseura.es\/uusisivu\/wp-content\/uploads\/2023\/12\/kadulta-seuran-nimi-kulma-1200-1024x768.jpg 1024w, https:\/\/www.costablancasuomiseura.es\/uusisivu\/wp-content\/uploads\/2023\/12\/kadulta-seuran-nimi-kulma-1200-768x576.jpg 768w, https:\/\/www.costablancasuomiseura.es\/uusisivu\/wp-content\/uploads\/2023\/12\/kadulta-seuran-nimi-kulma-1200-120x90.jpg 120w\" sizes=\"auto, (max-width: 1200px) 100vw, 1200px\" \/><\/figure>\n\n\n\n<p>K\u00e4ynti- ja postiosoite on:<\/p>\n\n\n\n<p>Asociaci\u00f3n Finlandesa\/Costa Blanca Suomi-Seura<\/p>\n\n\n\n<p>Calle Suecia 10<\/p>\n\n\n\n<p>03183 Torrevieja<\/p>\n","protected":false},"excerpt":{"rendered":"<p>Ota yhteytt\u00e4 Costa Blanca Suomi-Seuran tavoitat toimiston puhelimesta +34 634 38 6355 infon aukioloaikana ja\/tai s\u00e4hk\u00f6postiosoitteesta&nbsp;cbsuomiseura (at) gmail.com. K\u00e4ynti- ja postiosoite on: Asociaci\u00f3n Finlandesa\/Costa Blanca Suomi-Seura Calle Suecia 10 03183 Torrevieja <a href=\"https:\/\/www.costablancasuomiseura.es\/uusisivu\/yhdistys-2\/\" class=\"more-link\">&#8211; Lue &#8211; <span class=\"screen-reader-text\">Yhdistys<\/span><\/a><\/p>\n","protected":false},"author":2,"featured_media":0,"parent":0,"menu_order":0,"comment_status":"closed","ping_status":"closed","template":"","meta":{"footnotes":""},"class_list":["post-427","page","type-page","status-publish","hentry"],"post_mailing_queue_ids":[],"_links":{"self":[{"href":"https:\/\/www.costablancasuomiseura.es\/uusisivu\/wp-json\/wp\/v2\/pages\/427","targetHints":{"allow":["GET"]}}],"collection":[{"href":"https:\/\/www.costablancasuomiseura.es\/uusisivu\/wp-json\/wp\/v2\/pages"}],"about":[{"href":"https:\/\/www.costablancasuomiseura.es\/uusisivu\/wp-json\/wp\/v2\/types\/page"}],"author":[{"embeddable":true,"href":"https:\/\/www.costablancasuomiseura.es\/uusisivu\/wp-json\/wp\/v2\/users\/2"}],"replies":[{"embeddable":true,"href":"https:\/\/www.costablancasuomiseura.es\/uusisivu\/wp-json\/wp\/v2\/comments?post=427"}],"version-history":[{"count":8,"href":"https:\/\/www.costablancasuomiseura.es\/uusisivu\/wp-json\/wp\/v2\/pages\/427\/revisions"}],"predecessor-version":[{"id":1120,"href":"https:\/\/www.costablancasuomiseura.es\/uusisivu\/wp-json\/wp\/v2\/pages\/427\/revisions\/1120"}],"wp:attachment":[{"href":"https:\/\/www.costablancasuomiseura.es\/uusisivu\/wp-json\/wp\/v2\/media?parent=427"}],"curies":[{"name":"wp","href":"https:\/\/api.w.org\/{rel}","templated":true}]}}