{"id":170,"date":"2023-05-29T11:13:28","date_gmt":"2023-05-29T11:13:28","guid":{"rendered":"https:\/\/www.costablancasuomiseura.es\/uusisivu\/?page_id=170"},"modified":"2025-05-31T15:41:21","modified_gmt":"2025-05-31T13:41:21","slug":"verotus","status":"publish","type":"page","link":"https:\/\/www.costablancasuomiseura.es\/uusisivu\/verotus\/","title":{"rendered":"Verotus"},"content":{"rendered":"\n<p><strong>Asuinvaltio ja verovelvollisuus<\/strong><\/p>\n\n\n\n<p>Verotuksesi m\u00e4\u00e4r\u00e4ytyy sen mukaan, miss\u00e4 maassa sinut katsotaan verotuksellisesti asuvaksi. Jos muutat pysyv\u00e4sti Espanjaan, sinusta tulee yleens\u00e4 Espanjassa yleisesti verovelvollinen. T\u00e4ll\u00f6in maksat veroa maailmanlaajuisista tuloistasi Espanjaan. Suomessa olet rajoitetusti verovelvollinen, ja maksat veroa vain Suomesta saamistasi tuloista, kuten osingoista, koroista ja rojalteista. Suomen kansalaisilla on kuitenkin ns. kolmen vuoden s\u00e4\u00e4nt\u00f6, jonka mukaan olet Suomessa yleisesti verovelvollinen muuttovuoden ja kolmen seuraavan vuoden ajan, ellei toisin osoiteta.<\/p>\n\n\n\n<p><strong>El\u00e4kkeen verotus<\/strong><\/p>\n\n\n\n<p>Suomen ja Espanjan v\u00e4linen verosopimus vaikuttaa, saatko yksityist\u00e4 vai julkista el\u00e4kett\u00e4. <strong>Yksityissektorin el\u00e4kkeet<\/strong>: Vuoden 2022 alusta Suomella on oikeus verottaa Suomesta maksettavia yksityissektorin el\u00e4kkeit\u00e4, vaikka asuisit Espanjassa. Kaksinkertainen verotus poistetaan Suomessa ns. k\u00e4\u00e4nteisen hyvityksen kautta. <strong>Julkisen sektorin el\u00e4kkeet<\/strong>: Valtion ja kunnan palveluksesta saadut el\u00e4kkeet verotetaan Suomessa, vaikka asuisit Espanjassa. Poikkeuksena ovat tapaukset, joissa el\u00e4kkeensaajasta tulee Espanjan kansalainen tai el\u00e4ke perustuu liiketoimintaan.<\/p>\n\n\n\n<p><strong>Ty\u00f6- ja asuntoverotus<\/strong><br>Jos ty\u00f6skentelet tai omistat asunnon Espanjassa, verotuksesi m\u00e4\u00e4r\u00e4ytyy oleskelusi pituuden ja tulojen l\u00e4hteen mukaan. Yli 183 p\u00e4iv\u00e4\u00e4 vuodessa maassa oleskelevat ovat Espanjassa yleisesti verovelvollisia ja maksavat veroa maailmanlaajuisista tuloistaan. Ty\u00f6tuloista perit\u00e4\u00e4n progressiivista tuloveroa, ja Suomessa sovelletaan kuuden kuukauden s\u00e4\u00e4nt\u00f6\u00e4, jonka puitteissa ulkomailla tehty ty\u00f6 voi olla Suomessa verovapaata.<\/p>\n\n\n\n<p>Asunnon omistajia koskee kiinteist\u00f6vero (IBI) ja mahdollinen varallisuusvero. Vuokratuloista sek\u00e4 kiinteist\u00f6n myyntivoitoista perit\u00e4\u00e4n erilliset verot. Verotusk\u00e4yt\u00e4nn\u00f6t voivat vaihdella kunnittain ja muuttua, joten ajantasainen neuvonta on suositeltavaa.<\/p>\n\n\n\n<p>Verotusasiat voivat olla monimutkaisia, joten on suositeltavaa k\u00e4\u00e4nty\u00e4 asiantuntijan puoleen tai ottaa yhteytt\u00e4 paikalliseen verotoimistoon saadaksesi tarkempaa ja ajankohtaista tietoa tilanteeseesi. Monet asianajajatoimistot auttavat my\u00f6s veroasioiden hoitamisessa.<\/p>\n\n\n\n<p>Lue lis\u00e4\u00e4:<br><a href=\"https:\/\/www.vero.fi\/henkiloasiakkaat\/verokortti-ja-veroilmoitus\/suomesta_ulkomaille\/?utm_source=chatgpt.com\">Suomesta ulkomaille &#8211; vero.fi<\/a><br><a href=\"https:\/\/www.vero.fi\/henkiloasiakkaat\/verokortti-ja-veroilmoitus\/suomesta_ulkomaille\/elaketta_suomesta_ulkomaille2\/el%C3%A4kett%C3%A4-suomesta-espanjaan\/\">El\u00e4kett\u00e4 Suomesta Espanjaan &#8211; vero.fi<\/a><br><a href=\"https:\/\/www.laaksolaw.com\/fi\/news\/suomi-espanjan-ja-suomen-uusi-verosopimus-muutos-residenttien-tuloverotuksessa\/\">Espanjan ja Suomen uusi verosopimus (Laaksolaw)<\/a><\/p>\n","protected":false},"excerpt":{"rendered":"<p>Asuinvaltio ja verovelvollisuus Verotuksesi m\u00e4\u00e4r\u00e4ytyy sen mukaan, miss\u00e4 maassa sinut katsotaan verotuksellisesti asuvaksi. Jos muutat pysyv\u00e4sti Espanjaan, sinusta tulee yleens\u00e4 Espanjassa yleisesti verovelvollinen. T\u00e4ll\u00f6in maksat veroa maailmanlaajuisista tuloistasi Espanjaan. Suomessa olet rajoitetusti verovelvollinen, ja maksat veroa vain Suomesta saamistasi tuloista, kuten osingoista, koroista ja rojalteista. Suomen kansalaisilla on kuitenkin ns. kolmen vuoden s\u00e4\u00e4nt\u00f6, jonka mukaan olet Suomessa yleisesti verovelvollinen muuttovuoden ja kolmen seuraavan vuoden ajan, &hellip; <a href=\"https:\/\/www.costablancasuomiseura.es\/uusisivu\/verotus\/\" class=\"more-link\">&#8211; Lue &#8211; <span class=\"screen-reader-text\">Verotus<\/span><\/a><\/p>\n","protected":false},"author":2,"featured_media":0,"parent":0,"menu_order":0,"comment_status":"closed","ping_status":"closed","template":"","meta":{"footnotes":""},"class_list":["post-170","page","type-page","status-publish","hentry"],"post_mailing_queue_ids":[],"_links":{"self":[{"href":"https:\/\/www.costablancasuomiseura.es\/uusisivu\/wp-json\/wp\/v2\/pages\/170","targetHints":{"allow":["GET"]}}],"collection":[{"href":"https:\/\/www.costablancasuomiseura.es\/uusisivu\/wp-json\/wp\/v2\/pages"}],"about":[{"href":"https:\/\/www.costablancasuomiseura.es\/uusisivu\/wp-json\/wp\/v2\/types\/page"}],"author":[{"embeddable":true,"href":"https:\/\/www.costablancasuomiseura.es\/uusisivu\/wp-json\/wp\/v2\/users\/2"}],"replies":[{"embeddable":true,"href":"https:\/\/www.costablancasuomiseura.es\/uusisivu\/wp-json\/wp\/v2\/comments?post=170"}],"version-history":[{"count":3,"href":"https:\/\/www.costablancasuomiseura.es\/uusisivu\/wp-json\/wp\/v2\/pages\/170\/revisions"}],"predecessor-version":[{"id":2334,"href":"https:\/\/www.costablancasuomiseura.es\/uusisivu\/wp-json\/wp\/v2\/pages\/170\/revisions\/2334"}],"wp:attachment":[{"href":"https:\/\/www.costablancasuomiseura.es\/uusisivu\/wp-json\/wp\/v2\/media?parent=170"}],"curies":[{"name":"wp","href":"https:\/\/api.w.org\/{rel}","templated":true}]}}