{"id":166,"date":"2023-05-29T11:11:28","date_gmt":"2023-05-29T11:11:28","guid":{"rendered":"https:\/\/www.costablancasuomiseura.es\/uusisivu\/?page_id=166"},"modified":"2025-05-14T18:43:27","modified_gmt":"2025-05-14T16:43:27","slug":"muutto","status":"publish","type":"page","link":"https:\/\/www.costablancasuomiseura.es\/uusisivu\/muutto\/","title":{"rendered":"Oleskelu ja muutto"},"content":{"rendered":"\n<p><strong>ALLE 3KK OLESKELU (90 p\u00e4iv\u00e4\u00e4)<\/strong><\/p>\n\n\n\n<p>EU-kansalaisena suomalaisella on oikeus oleskella Espanjassa jopa 90 p\u00e4iv\u00e4\u00e4 ilman erillist\u00e4 lupaa tai ilmoitusta. Tilap\u00e4inen oleskelu sopii esimerkiksi lomailuun, et\u00e4ty\u00f6h\u00f6n tai asuntoon tutustumiseen ennen pidemp\u00e4\u00e4 muuttoa. Tarvitset vain voimassa olevan passin tai henkil\u00f6kortin, ja suositeltavaa on hankkia matkavakuutus tai EU-sairaanhoitokortti mahdollisia terveyspalveluja varten. Et joudu rekister\u00f6itym\u00e4\u00e4n viranomaisille tai tekem\u00e4\u00e4n ilmoituksia Suomeen \u2013 voit keskitty\u00e4 nauttimaan el\u00e4m\u00e4st\u00e4 Espanjan l\u00e4mm\u00f6ss\u00e4. Jos aikeesi on ostaa asunto Espanjasta, tutustu lis\u00e4ksi alla olevaan tietoon NIE-numerosta. Asuntoa ja pankkitili\u00e4 varten sinun ei tarvitse hakea muita dokumentteja ja NIE-numeron saa k\u00e4tev\u00e4sti my\u00f6s Helsingist\u00e4.<\/p>\n\n\n\n<p><strong>YLI 3KK OLESKELU<\/strong><\/p>\n\n\n\n<p>Jos suunnittelet pysyv\u00e4\u00e4 muuttoa Espanjaan, yli 3 kuukauden oleskelu vaatii muutamia virallisia toimenpiteit\u00e4. Ensimm\u00e4isi\u00e4 askeleita ovat <strong>NIE-numeron hankinta<\/strong> ja <strong>EU-kansalaisen rekister\u00f6intitodistus<\/strong>, joita tarvitset esimerkiksi asunnon vuokraukseen, ty\u00f6ntekoon ja pankkiasiointiin. N\u00e4m\u00e4 tehd\u00e4\u00e4n samalla k\u00e4ynnill\u00e4. Apua NIE-numeron saamiseksi l\u00f6yd\u00e4t Helsingin suurl\u00e4hetyst\u00f6n sivuilta tai lakitoimistoista. Ostaessasi asuntoa Espanjasta, voit hakea NIE:n my\u00f6s Helsingin suurl\u00e4hetyst\u00f6st\u00e4. T\u00e4t\u00e4 varten sinulla tulee olla n\u00e4ytt\u00e4\u00e4 syy (esim. alustava kauppakirja), mink\u00e4 perusteella numeroa haet. <\/p>\n\n\n\n<p><strong>Padron-rekister\u00f6inti<\/strong> on teht\u00e4v\u00e4 NIE-numeron j\u00e4lkeen omalla kaupungintalolla (Ayuntamiento).  Padron vastaa pitk\u00e4lti Suomen V\u00e4est\u00f6rekisteri\u00e4. Padronia varten tarvitset NIE-numeron lis\u00e4ksi oman kunnan tai kaupungin hakemuksen t\u00e4ytettyn\u00e4, todistuksen asuinpaikastasi (esim. vuokra- tai omistustodistus) sek\u00e4 yleens\u00e4 my\u00f6s todistuksen toimeentulosta (palkka, opiskelu tai s\u00e4\u00e4st\u00f6t). Padronin avulla todistat asuinpaikkasi ja saat oikeuden paikallisiin palveluihin, kuten terveydenhuoltoon ja kouluun. Jos olet opiskelija tai ty\u00f6skentelet paikalliselle yritykselle, saat oikeuden julkiseen terveydenhuoltoon, jos et tarvitset todenn\u00e4k\u00f6isesti todistuksen my\u00f6s yksityisest\u00e4 sairausvakuutuksesta.<\/p>\n\n\n\n<p>Lis\u00e4ksi sinun t\u00e4ytyy hakea <strong>residenssi<\/strong>, ilman erityist\u00e4 syyt\u00e4 kuten pidempi lomamatka, liiketoiminta tai opiskelu, jotka eiv\u00e4t edellyt\u00e4 virallista rekister\u00f6inti\u00e4. Espanjassa oleskelu voi olla juridista tai verotuksellista residenssi\u00e4. <strong>Juridinen residenssi<\/strong> on pakollinen, jos aiot asua Espanjassa yli 3 kuukautta ilman aikaisemmin mainittuja syit\u00e4. <strong>Verotuksellinen residenssi<\/strong> tarkoittaa, ett\u00e4 jos asut Espanjassa yli 183 p\u00e4iv\u00e4\u00e4 vuodessa, maksat verot Espanjaan. Rekister\u00f6inti on t\u00e4rke\u00e4\u00e4 oikeuksien, verovelvollisuuden ja paikallisten palveluiden k\u00e4ytt\u00e4miseksi. <\/p>\n\n\n\n<p>Oleskellessasi yli 3kk Espanjassa, on t\u00e4rke\u00e4\u00e4 ilmoittaa muutosta my\u00f6s suomalaisille viranomaisille kuten Kelalle ja Verohallinnolle. Verovelvollisuutesi ja sosiaaliturvasi m\u00e4\u00e4r\u00e4ytyv\u00e4t pitk\u00e4lti asumisen pituuden ja luonteen mukaan \u2013 n\u00e4ihin kannattaa perehty\u00e4 huolella jo ennen muuttoa. <\/p>\n\n\n\n<p><strong>Lue lis\u00e4\u00e4:<\/strong><\/p>\n\n\n\n<p><a href=\"https:\/\/www.exteriores.gob.es\/Embajadas\/helsinki\/fi\/Paginas\/index.aspx\" data-type=\"link\" data-id=\"https:\/\/www.exteriores.gob.es\/Embajadas\/helsinki\/fi\/Paginas\/index.aspx\"><\/a><a href=\"https:\/\/www.exteriores.gob.es\/Embajadas\/helsinki\/fi\/Embajada\/Paginas\/Konsulipalvelut%20Helsingiss%C3%A4\/NIE-numeron-hakeminen-%28ulkomaalaisen-henkil%C3%B6tunnus%29.aspx\">NIE-numeron hakeminen <\/a>(Helsingin Suurl\u00e4hetyst\u00f6)<\/p>\n\n\n\n<p><a href=\"https:\/\/www.olekustannus.com\/pysyva-muutto-espanjaan\/\" data-type=\"link\" data-id=\"https:\/\/www.olekustannus.com\/pysyva-muutto-espanjaan\/\">Pysyv\u00e4 muutto Espanjaan (olekustannus.com)<\/a><\/p>\n\n\n\n<p><a href=\"https:\/\/seura.fi\/asiat\/talous\/haaveena-muutto-espanjaan-nama-asiat-on-hyva-selvittaa-ensin\/\">Muutto Espanjaan el\u00e4kkeell\u00e4? Selvitimme perusasiat &#8211; Seura.fi<\/a><\/p>\n","protected":false},"excerpt":{"rendered":"<p>ALLE 3KK OLESKELU (90 p\u00e4iv\u00e4\u00e4) EU-kansalaisena suomalaisella on oikeus oleskella Espanjassa jopa 90 p\u00e4iv\u00e4\u00e4 ilman erillist\u00e4 lupaa tai ilmoitusta. Tilap\u00e4inen oleskelu sopii esimerkiksi lomailuun, et\u00e4ty\u00f6h\u00f6n tai asuntoon tutustumiseen ennen pidemp\u00e4\u00e4 muuttoa. Tarvitset vain voimassa olevan passin tai henkil\u00f6kortin, ja suositeltavaa on hankkia matkavakuutus tai EU-sairaanhoitokortti mahdollisia terveyspalveluja varten. Et joudu rekister\u00f6itym\u00e4\u00e4n viranomaisille tai tekem\u00e4\u00e4n ilmoituksia Suomeen \u2013 voit keskitty\u00e4 nauttimaan el\u00e4m\u00e4st\u00e4 Espanjan l\u00e4mm\u00f6ss\u00e4. Jos aikeesi &hellip; <a href=\"https:\/\/www.costablancasuomiseura.es\/uusisivu\/muutto\/\" class=\"more-link\">&#8211; Lue &#8211; <span class=\"screen-reader-text\">Oleskelu ja muutto<\/span><\/a><\/p>\n","protected":false},"author":2,"featured_media":0,"parent":0,"menu_order":0,"comment_status":"closed","ping_status":"closed","template":"","meta":{"footnotes":""},"class_list":["post-166","page","type-page","status-publish","hentry"],"post_mailing_queue_ids":[],"_links":{"self":[{"href":"https:\/\/www.costablancasuomiseura.es\/uusisivu\/wp-json\/wp\/v2\/pages\/166","targetHints":{"allow":["GET"]}}],"collection":[{"href":"https:\/\/www.costablancasuomiseura.es\/uusisivu\/wp-json\/wp\/v2\/pages"}],"about":[{"href":"https:\/\/www.costablancasuomiseura.es\/uusisivu\/wp-json\/wp\/v2\/types\/page"}],"author":[{"embeddable":true,"href":"https:\/\/www.costablancasuomiseura.es\/uusisivu\/wp-json\/wp\/v2\/users\/2"}],"replies":[{"embeddable":true,"href":"https:\/\/www.costablancasuomiseura.es\/uusisivu\/wp-json\/wp\/v2\/comments?post=166"}],"version-history":[{"count":6,"href":"https:\/\/www.costablancasuomiseura.es\/uusisivu\/wp-json\/wp\/v2\/pages\/166\/revisions"}],"predecessor-version":[{"id":2327,"href":"https:\/\/www.costablancasuomiseura.es\/uusisivu\/wp-json\/wp\/v2\/pages\/166\/revisions\/2327"}],"wp:attachment":[{"href":"https:\/\/www.costablancasuomiseura.es\/uusisivu\/wp-json\/wp\/v2\/media?parent=166"}],"curies":[{"name":"wp","href":"https:\/\/api.w.org\/{rel}","templated":true}]}}