{"id":150,"date":"2023-05-29T11:06:45","date_gmt":"2023-05-29T11:06:45","guid":{"rendered":"https:\/\/www.costablancasuomiseura.es\/uusisivu\/?page_id=150"},"modified":"2023-12-07T12:07:19","modified_gmt":"2023-12-07T10:07:19","slug":"lahikaupungit","status":"publish","type":"page","link":"https:\/\/www.costablancasuomiseura.es\/uusisivu\/lahikaupungit\/","title":{"rendered":"L\u00e4hikaupungit"},"content":{"rendered":"\n<div class=\"wp-block-group\"><div class=\"wp-block-group__inner-container is-layout-constrained wp-block-group-is-layout-constrained\">\n<p><strong>TORREVIEJAN YMP\u00c4RIST\u00d6SS\u00c4:<\/strong><\/p>\n<\/div><\/div>\n\n\n\n<p>Kartta ja et\u00e4isyydet l\u00e4hialueen kaupunkeihin: <a href=\"https:\/\/www.thecitiesnow.com\/spain\/torrevieja\" data-type=\"link\" data-id=\"https:\/\/www.thecitiesnow.com\/spain\/torrevieja\">www.thecitiesnow.com<\/a> <\/p>\n\n\n\n<p><a href=\"https:\/\/www.alicanteturismo.com\/\">Alicante<\/a>: Laaja vanha kaupunki, aina suosittu Postguet hiekkaranta keskustassa, suuri linnoitus kaupungin kukkulalla, ja paljon, paljon muuta.<\/p>\n\n\n\n<p><a href=\"https:\/\/turismo.cartagena.es\/\" data-type=\"link\" data-id=\"https:\/\/turismo.cartagena.es\/\">Cartagena<\/a>: Rooman valtakunnan aikaisia rakennuksia amfiteatterista ja taloista l\u00e4htien kaupungin keskustassa ja pieni\u00e4 linnoituksia meren lahdella sataman ulkopuolella.<\/p>\n\n\n\n<p><a href=\"http:\/\/www.visitelche.com\/?set_language=en\" target=\"_blank\" rel=\"noreferrer noopener\">Elche<\/a>: Unescon maailmanperint\u00f6kohde palmupuistojen ansiosta, mutta entis\u00f6ity linnoitus ja katedraali (torniin voi kiivet\u00e4, tosin omin voimin) vanhassa keskustassa houkuttelevat k\u00e4vij\u00f6it\u00e4.<\/p>\n\n\n\n<p><a href=\"https:\/\/guardamarturismo.com\/\">Guardamar<\/a>: hiekkadyynirantaa kilometrett\u00e4in ja el\u00e4v\u00e4 kaupungin keskusta.<\/p>\n\n\n\n<p><a href=\"https:\/\/www.turismodemurcia.es\/\">Murcia<\/a>: viihtyis\u00e4 vanha kaupungin keskusta, jossa Tapas-baareja, ja katedraali, jonka mittasuhteet ymm\u00e4rt\u00e4\u00e4 vasta kun k\u00e4y sis\u00e4ll\u00e4. Torreviejaa l\u00e4hin Ikea l\u00f6ytyy kaupungin laidalta A7-moottoritien varrelta.<\/p>\n\n\n\n<p><a href=\"https:\/\/www.turismosantapola.es\" data-type=\"link\" data-id=\"https:\/\/www.turismosantapola.es\">Santa Pola<\/a>: suuri satama, jonne kalastajat tuovat saalinsa, paljon kalaravintoloita, useita lauttoja Tabarcan saarelle ja niemen k\u00e4rjess\u00e4 ylh\u00e4\u00e4ll\u00e4 majakka (Faro de Santa Pola), jonka n\u00e4k\u00f6alatasanne testaa korkean paikan sietokyky\u00e4.<\/p>\n\n\n\n<p><\/p>\n","protected":false},"excerpt":{"rendered":"<p>TORREVIEJAN YMP\u00c4RIST\u00d6SS\u00c4: Kartta ja et\u00e4isyydet l\u00e4hialueen kaupunkeihin: www.thecitiesnow.com Alicante: Laaja vanha kaupunki, aina suosittu Postguet hiekkaranta keskustassa, suuri linnoitus kaupungin kukkulalla, ja paljon, paljon muuta. Cartagena: Rooman valtakunnan aikaisia rakennuksia amfiteatterista ja taloista l\u00e4htien kaupungin keskustassa ja pieni\u00e4 linnoituksia meren lahdella sataman ulkopuolella. Elche: Unescon maailmanperint\u00f6kohde palmupuistojen ansiosta, mutta entis\u00f6ity linnoitus ja katedraali (torniin voi kiivet\u00e4, tosin omin voimin) vanhassa keskustassa houkuttelevat k\u00e4vij\u00f6it\u00e4. Guardamar: hiekkadyynirantaa &hellip; <a href=\"https:\/\/www.costablancasuomiseura.es\/uusisivu\/lahikaupungit\/\" class=\"more-link\">&#8211; Lue &#8211; <span class=\"screen-reader-text\">L\u00e4hikaupungit<\/span><\/a><\/p>\n","protected":false},"author":2,"featured_media":0,"parent":0,"menu_order":0,"comment_status":"closed","ping_status":"closed","template":"","meta":{"footnotes":""},"class_list":["post-150","page","type-page","status-publish","hentry"],"post_mailing_queue_ids":[],"_links":{"self":[{"href":"https:\/\/www.costablancasuomiseura.es\/uusisivu\/wp-json\/wp\/v2\/pages\/150","targetHints":{"allow":["GET"]}}],"collection":[{"href":"https:\/\/www.costablancasuomiseura.es\/uusisivu\/wp-json\/wp\/v2\/pages"}],"about":[{"href":"https:\/\/www.costablancasuomiseura.es\/uusisivu\/wp-json\/wp\/v2\/types\/page"}],"author":[{"embeddable":true,"href":"https:\/\/www.costablancasuomiseura.es\/uusisivu\/wp-json\/wp\/v2\/users\/2"}],"replies":[{"embeddable":true,"href":"https:\/\/www.costablancasuomiseura.es\/uusisivu\/wp-json\/wp\/v2\/comments?post=150"}],"version-history":[{"count":7,"href":"https:\/\/www.costablancasuomiseura.es\/uusisivu\/wp-json\/wp\/v2\/pages\/150\/revisions"}],"predecessor-version":[{"id":799,"href":"https:\/\/www.costablancasuomiseura.es\/uusisivu\/wp-json\/wp\/v2\/pages\/150\/revisions\/799"}],"wp:attachment":[{"href":"https:\/\/www.costablancasuomiseura.es\/uusisivu\/wp-json\/wp\/v2\/media?parent=150"}],"curies":[{"name":"wp","href":"https:\/\/api.w.org\/{rel}","templated":true}]}}