{"id":146,"date":"2023-05-29T10:51:56","date_gmt":"2023-05-29T10:51:56","guid":{"rendered":"https:\/\/www.costablancasuomiseura.es\/uusisivu\/?page_id=146"},"modified":"2025-04-26T16:48:16","modified_gmt":"2025-04-26T14:48:16","slug":"seurakunnat","status":"publish","type":"page","link":"https:\/\/www.costablancasuomiseura.es\/uusisivu\/seurakunnat\/","title":{"rendered":"Seurakunnat"},"content":{"rendered":"\n<p><strong>COSTA BLANCAN EVANKELISLUTERILAINEN SEURAKUNTA<\/strong><\/p>\n\n\n\n<p>Katso tiedot <a href=\"https:\/\/www.costablancanseurakunta.fi\/\" target=\"_blank\" rel=\"noreferrer noopener\">kotisivulta<\/a>.<\/p>\n\n\n\n<p><strong>SUOMEN EVANKELINEN KOTIKIRKKO<\/strong><\/p>\n\n\n\n<p>Katso tarkemmin kotisivuilta <a href=\"http:\/\/www.costablancankotikirkko.com\">www.costablancankotikirkko.com<\/a><\/p>\n\n\n\n<p><strong>COSTA BLANCAN VAPAAKIRKKO Ry \/ MAJAKKA<\/strong><\/p>\n\n\n\n<p>Osoite: Travesia Jose Huertas Morion 2, Torrevieja<br>Ty\u00f6st\u00e4 vastaavat:<br><br>Pastori Kaija M\u00e4nnist\u00f6<br>+358 503491739<br>Efraim M\u00e4nnist\u00f6<br>+358 400661678<br>Mauri ja Marjatta Levan<br>+46 700209630<br><\/p>\n","protected":false},"excerpt":{"rendered":"<p>COSTA BLANCAN EVANKELISLUTERILAINEN SEURAKUNTA Katso tiedot kotisivulta. SUOMEN EVANKELINEN KOTIKIRKKO Katso tarkemmin kotisivuilta www.costablancankotikirkko.com COSTA BLANCAN VAPAAKIRKKO Ry \/ MAJAKKA Osoite: Travesia Jose Huertas Morion 2, TorreviejaTy\u00f6st\u00e4 vastaavat: Pastori Kaija M\u00e4nnist\u00f6+358 503491739Efraim M\u00e4nnist\u00f6+358 400661678Mauri ja Marjatta Levan+46 700209630 <a href=\"https:\/\/www.costablancasuomiseura.es\/uusisivu\/seurakunnat\/\" class=\"more-link\">&#8211; Lue &#8211; <span class=\"screen-reader-text\">Seurakunnat<\/span><\/a><\/p>\n","protected":false},"author":2,"featured_media":0,"parent":0,"menu_order":0,"comment_status":"closed","ping_status":"closed","template":"","meta":{"footnotes":""},"class_list":["post-146","page","type-page","status-publish","hentry"],"post_mailing_queue_ids":[],"_links":{"self":[{"href":"https:\/\/www.costablancasuomiseura.es\/uusisivu\/wp-json\/wp\/v2\/pages\/146","targetHints":{"allow":["GET"]}}],"collection":[{"href":"https:\/\/www.costablancasuomiseura.es\/uusisivu\/wp-json\/wp\/v2\/pages"}],"about":[{"href":"https:\/\/www.costablancasuomiseura.es\/uusisivu\/wp-json\/wp\/v2\/types\/page"}],"author":[{"embeddable":true,"href":"https:\/\/www.costablancasuomiseura.es\/uusisivu\/wp-json\/wp\/v2\/users\/2"}],"replies":[{"embeddable":true,"href":"https:\/\/www.costablancasuomiseura.es\/uusisivu\/wp-json\/wp\/v2\/comments?post=146"}],"version-history":[{"count":5,"href":"https:\/\/www.costablancasuomiseura.es\/uusisivu\/wp-json\/wp\/v2\/pages\/146\/revisions"}],"predecessor-version":[{"id":2313,"href":"https:\/\/www.costablancasuomiseura.es\/uusisivu\/wp-json\/wp\/v2\/pages\/146\/revisions\/2313"}],"wp:attachment":[{"href":"https:\/\/www.costablancasuomiseura.es\/uusisivu\/wp-json\/wp\/v2\/media?parent=146"}],"curies":[{"name":"wp","href":"https:\/\/api.w.org\/{rel}","templated":true}]}}