{"id":144,"date":"2023-05-29T10:51:27","date_gmt":"2023-05-29T10:51:27","guid":{"rendered":"https:\/\/www.costablancasuomiseura.es\/uusisivu\/?page_id=144"},"modified":"2025-03-21T14:21:15","modified_gmt":"2025-03-21T12:21:15","slug":"juhlapyhat","status":"publish","type":"page","link":"https:\/\/www.costablancasuomiseura.es\/uusisivu\/juhlapyhat\/","title":{"rendered":"Juhlapyh\u00e4t"},"content":{"rendered":"\n<p>Seuramme noudattaa aukioloissaan Suomen juhlapyhi\u00e4.<\/p>\n\n\n\n<p><strong>TORREVIEJAN JUHLAP\u00c4IV\u00c4T 2025<\/strong><\/p>\n\n\n\n<p>1.1. \u2013 Uudenvuodenp\u00e4iv\u00e4<br>6.1. \u2013 Kolmen kuninkaan p\u00e4iv\u00e4<br>19.3. \u2013 Pyh\u00e4n Josefin p\u00e4iv\u00e4 (Is\u00e4np\u00e4iv\u00e4)<br>18.4. \u2013 Pitk\u00e4perjantai<br>21.4. \u2013 P\u00e4\u00e4si\u00e4ismaanantai<br>28.4. \u2013 San Vicente Ferrer<br>1.5. \u2013 Vappup\u00e4iv\u00e4<br>3.5. \u00c4itienp\u00e4iv\u00e4<br>24.6. Noche de San Juan<br>16.7. \u2013 Virgen del Carmen<br>15.8. \u2013 Neitsyen taivaaseenastuminen<br>9.10. \u2013 Valencian itsehallintoalueen p\u00e4iv\u00e4<br>12.10. \u2013 Espanjan kansallisp\u00e4iv\u00e4<br>1.11.\u2013 Pyh\u00e4inp\u00e4iv\u00e4<br>6.12 \u2013 Espanjan perustuslain p\u00e4iv\u00e4<br>8.12 \u2013 Neitseellisen siki\u00e4misen p\u00e4iv\u00e4<br>25.12 \u2013 Joulup\u00e4iv\u00e4<\/p>\n\n\n\n<p><strong>Suomen juhlapyh\u00e4t 2025<\/strong><\/p>\n\n\n\n<p>1.1. Uudenvuodenp\u00e4iv\u00e4<br>6.1. Loppiainen<br>20.4. P\u00e4\u00e4si\u00e4isp\u00e4iv\u00e4<br>21.4. Toinen p\u00e4\u00e4si\u00e4isp\u00e4iv\u00e4<br>1.5. Vappu<br>29.5. Helatorstai<br>21.6. Juhannusp\u00e4iv\u00e4<br>6.12. Itsen\u00e4isyysp\u00e4iv\u00e4<br>10.5. \u00c4itienp\u00e4iv\u00e4<br>9.11. Is\u00e4np\u00e4iv\u00e4<br>1.11. Pyh\u00e4inp\u00e4iv\u00e4<br>25.12. Joulup\u00e4iv\u00e4<br>26.12. Tapaninp\u00e4iv\u00e4<\/p>\n\n\n\n<p><\/p>\n\n\n\n<p><\/p>\n","protected":false},"excerpt":{"rendered":"<p>Seuramme noudattaa aukioloissaan Suomen juhlapyhi\u00e4. TORREVIEJAN JUHLAP\u00c4IV\u00c4T 2025 1.1. \u2013 Uudenvuodenp\u00e4iv\u00e46.1. \u2013 Kolmen kuninkaan p\u00e4iv\u00e419.3. \u2013 Pyh\u00e4n Josefin p\u00e4iv\u00e4 (Is\u00e4np\u00e4iv\u00e4)18.4. \u2013 Pitk\u00e4perjantai21.4. \u2013 P\u00e4\u00e4si\u00e4ismaanantai28.4. \u2013 San Vicente Ferrer1.5. \u2013 Vappup\u00e4iv\u00e43.5. \u00c4itienp\u00e4iv\u00e424.6. Noche de San Juan16.7. \u2013 Virgen del Carmen15.8. \u2013 Neitsyen taivaaseenastuminen9.10. \u2013 Valencian itsehallintoalueen p\u00e4iv\u00e412.10. \u2013 Espanjan kansallisp\u00e4iv\u00e41.11.\u2013 Pyh\u00e4inp\u00e4iv\u00e46.12 \u2013 Espanjan perustuslain p\u00e4iv\u00e48.12 \u2013 Neitseellisen siki\u00e4misen p\u00e4iv\u00e425.12 \u2013 Joulup\u00e4iv\u00e4 Suomen juhlapyh\u00e4t 2025 1.1. Uudenvuodenp\u00e4iv\u00e46.1. &hellip; <a href=\"https:\/\/www.costablancasuomiseura.es\/uusisivu\/juhlapyhat\/\" class=\"more-link\">&#8211; Lue &#8211; <span class=\"screen-reader-text\">Juhlapyh\u00e4t<\/span><\/a><\/p>\n","protected":false},"author":2,"featured_media":0,"parent":0,"menu_order":0,"comment_status":"closed","ping_status":"closed","template":"","meta":{"footnotes":""},"class_list":["post-144","page","type-page","status-publish","hentry"],"post_mailing_queue_ids":[],"_links":{"self":[{"href":"https:\/\/www.costablancasuomiseura.es\/uusisivu\/wp-json\/wp\/v2\/pages\/144","targetHints":{"allow":["GET"]}}],"collection":[{"href":"https:\/\/www.costablancasuomiseura.es\/uusisivu\/wp-json\/wp\/v2\/pages"}],"about":[{"href":"https:\/\/www.costablancasuomiseura.es\/uusisivu\/wp-json\/wp\/v2\/types\/page"}],"author":[{"embeddable":true,"href":"https:\/\/www.costablancasuomiseura.es\/uusisivu\/wp-json\/wp\/v2\/users\/2"}],"replies":[{"embeddable":true,"href":"https:\/\/www.costablancasuomiseura.es\/uusisivu\/wp-json\/wp\/v2\/comments?post=144"}],"version-history":[{"count":7,"href":"https:\/\/www.costablancasuomiseura.es\/uusisivu\/wp-json\/wp\/v2\/pages\/144\/revisions"}],"predecessor-version":[{"id":2253,"href":"https:\/\/www.costablancasuomiseura.es\/uusisivu\/wp-json\/wp\/v2\/pages\/144\/revisions\/2253"}],"wp:attachment":[{"href":"https:\/\/www.costablancasuomiseura.es\/uusisivu\/wp-json\/wp\/v2\/media?parent=144"}],"curies":[{"name":"wp","href":"https:\/\/api.w.org\/{rel}","templated":true}]}}