{"id":142,"date":"2023-05-29T10:50:50","date_gmt":"2023-05-29T10:50:50","guid":{"rendered":"https:\/\/www.costablancasuomiseura.es\/uusisivu\/?page_id=142"},"modified":"2025-04-26T16:43:50","modified_gmt":"2025-04-26T14:43:50","slug":"junaliikenne","status":"publish","type":"page","link":"https:\/\/www.costablancasuomiseura.es\/uusisivu\/junaliikenne\/","title":{"rendered":"Junaliikenne"},"content":{"rendered":"\n<p>Torreviejan kaupungin Rautatieasema suljettiin vuonna 1970. Entinen asema-alue toimii nyky\u00e4\u00e4n puistona ja vanha rautatieasemarakennus n\u00e4yttelytilana. Puistosta  l\u00f6ytyy my\u00f6s skeittipuisto. Parque de la Estaci\u00f3n (Asemapuisto) sijaitsee aivan Hippikojujen vieress\u00e4 ja on auki p\u00e4ivitt\u00e4in klo 10-23.30.<\/p>\n\n\n\n<p>Torreviejan l\u00e4himm\u00e4t juna-asemat sijaitsevat San Isidrossa (25km), Orihuelassa (30km) ja Alicantessa (50km). San Isidrosta p\u00e4\u00e4see Murciaan ja Alicanteen, mutta sielt\u00e4 ei ole suoria kaukoyhteyksi\u00e4. Orihuelan asemalta p\u00e4\u00e4see mm. Murciaan, Alicanteen ja Madridiin. Alicanten asemalta p\u00e4\u00e4see moniin isoihin kaupunkeihin kuten Madridiin, Barcelonaan, Valenciaan, Sevillaan ja Granadaan. Madridiin menee junalla n. 2,5h ja se maksaa keskim\u00e4\u00e4rin 30-50\u20ac. Barcelonaan matka kest\u00e4\u00e4 noin 5h ja maksaa 40-60\u20ac. Hinnat voivat vaihdella p\u00e4iv\u00e4n ja ajankohdan mukaan. <\/p>\n\n\n\n<p>Junalippuja voit ostaa t\u00e4\u00e4lt\u00e4: <a href=\"https:\/\/www.renfe.com\/es\/en\">Renfe<\/a><br>Joitakin asemia ja lippuja l\u00f6yd\u00e4t my\u00f6s t\u00e4\u00e4lt\u00e4: <a href=\"https:\/\/www.tramalacant.es\/?idioma=_en\">Tram d&#8217;Alicante<\/a><\/p>\n","protected":false},"excerpt":{"rendered":"<p>Torreviejan kaupungin Rautatieasema suljettiin vuonna 1970. Entinen asema-alue toimii nyky\u00e4\u00e4n puistona ja vanha rautatieasemarakennus n\u00e4yttelytilana. Puistosta l\u00f6ytyy my\u00f6s skeittipuisto. Parque de la Estaci\u00f3n (Asemapuisto) sijaitsee aivan Hippikojujen vieress\u00e4 ja on auki p\u00e4ivitt\u00e4in klo 10-23.30. Torreviejan l\u00e4himm\u00e4t juna-asemat sijaitsevat San Isidrossa (25km), Orihuelassa (30km) ja Alicantessa (50km). San Isidrosta p\u00e4\u00e4see Murciaan ja Alicanteen, mutta sielt\u00e4 ei ole suoria kaukoyhteyksi\u00e4. Orihuelan asemalta p\u00e4\u00e4see mm. Murciaan, Alicanteen ja &hellip; <a href=\"https:\/\/www.costablancasuomiseura.es\/uusisivu\/junaliikenne\/\" class=\"more-link\">&#8211; Lue &#8211; <span class=\"screen-reader-text\">Junaliikenne<\/span><\/a><\/p>\n","protected":false},"author":2,"featured_media":0,"parent":0,"menu_order":0,"comment_status":"closed","ping_status":"closed","template":"","meta":{"footnotes":""},"class_list":["post-142","page","type-page","status-publish","hentry"],"post_mailing_queue_ids":[],"_links":{"self":[{"href":"https:\/\/www.costablancasuomiseura.es\/uusisivu\/wp-json\/wp\/v2\/pages\/142","targetHints":{"allow":["GET"]}}],"collection":[{"href":"https:\/\/www.costablancasuomiseura.es\/uusisivu\/wp-json\/wp\/v2\/pages"}],"about":[{"href":"https:\/\/www.costablancasuomiseura.es\/uusisivu\/wp-json\/wp\/v2\/types\/page"}],"author":[{"embeddable":true,"href":"https:\/\/www.costablancasuomiseura.es\/uusisivu\/wp-json\/wp\/v2\/users\/2"}],"replies":[{"embeddable":true,"href":"https:\/\/www.costablancasuomiseura.es\/uusisivu\/wp-json\/wp\/v2\/comments?post=142"}],"version-history":[{"count":5,"href":"https:\/\/www.costablancasuomiseura.es\/uusisivu\/wp-json\/wp\/v2\/pages\/142\/revisions"}],"predecessor-version":[{"id":2307,"href":"https:\/\/www.costablancasuomiseura.es\/uusisivu\/wp-json\/wp\/v2\/pages\/142\/revisions\/2307"}],"wp:attachment":[{"href":"https:\/\/www.costablancasuomiseura.es\/uusisivu\/wp-json\/wp\/v2\/media?parent=142"}],"curies":[{"name":"wp","href":"https:\/\/api.w.org\/{rel}","templated":true}]}}