{"id":140,"date":"2023-05-29T10:50:28","date_gmt":"2023-05-29T10:50:28","guid":{"rendered":"https:\/\/www.costablancasuomiseura.es\/uusisivu\/?page_id=140"},"modified":"2025-04-26T16:44:28","modified_gmt":"2025-04-26T14:44:28","slug":"linja-autot","status":"publish","type":"page","link":"https:\/\/www.costablancasuomiseura.es\/uusisivu\/linja-autot\/","title":{"rendered":"Linja-autot"},"content":{"rendered":"\n<p>Torreviejassa ja Orihuela Costalla toimii kattava bussiliikenne, joka palvelee sek\u00e4 asukkaita ett\u00e4 matkailijoita. Paikallisliikenteest\u00e4 vastaa Costa Azul &#8211; Avanza.<\/p>\n\n\n\n<p>Torreviejan p\u00e4\u00e4bussiasema sijaitsee osoitteessa Calle del Mar 50. Kertalipun hinta 1,55\u20ac ja bussikortilla ostettuna 0,60\u20ac. Alicanten lentoasemalle bussilippu maksaa 7\u20ac ja bussikortilla 3,50\u20ac. Bussikortin voi ostaa p\u00e4\u00e4asemalta. <strong>Huomioithan, ett\u00e4 p\u00e4\u00e4bussiasemalta l\u00e4htiess\u00e4 KAIKKIIN busseihin tulee varata istumapaikka asiakaspalvelutiskill\u00e4. <\/strong>Maksun voi suorittaa samalla tiskill\u00e4, netiss\u00e4 tai bussissa (k\u00e4teisell\u00e4\/bussikortilla).<\/p>\n\n\n\n<p>Lis\u00e4tietoja <a href=\"https:\/\/costazul.net\/en\/urban-services\/\">Costa Azul &#8211; Avanza<\/a><br>Sivustolta ladattavissa my\u00f6s sovellus puhelimeen.<br>P\u00e4\u00e4bussiasema +34 965 710 449<br>Osoite: Calle del Mar 50<br>Bussien aikataulut <a href=\"https:\/\/costazul.net\/en\/urban-services\/\">Avanzan sivuilta<\/a>, <a href=\"https:\/\/torrevieja.com\/horario-de-autobuses\/\">Torrevieja.com<\/a> sek\u00e4 Moovit-sovelluksesta. Jokaisen pys\u00e4kin aikataulut on n\u00e4ht\u00e4viss\u00e4 my\u00f6s pys\u00e4keill\u00e4.<\/p>\n","protected":false},"excerpt":{"rendered":"<p>Torreviejassa ja Orihuela Costalla toimii kattava bussiliikenne, joka palvelee sek\u00e4 asukkaita ett\u00e4 matkailijoita. Paikallisliikenteest\u00e4 vastaa Costa Azul &#8211; Avanza. Torreviejan p\u00e4\u00e4bussiasema sijaitsee osoitteessa Calle del Mar 50. Kertalipun hinta 1,55\u20ac ja bussikortilla ostettuna 0,60\u20ac. Alicanten lentoasemalle bussilippu maksaa 7\u20ac ja bussikortilla 3,50\u20ac. Bussikortin voi ostaa p\u00e4\u00e4asemalta. Huomioithan, ett\u00e4 p\u00e4\u00e4bussiasemalta l\u00e4htiess\u00e4 KAIKKIIN busseihin tulee varata istumapaikka asiakaspalvelutiskill\u00e4. Maksun voi suorittaa samalla tiskill\u00e4, netiss\u00e4 tai bussissa (k\u00e4teisell\u00e4\/bussikortilla). &hellip; <a href=\"https:\/\/www.costablancasuomiseura.es\/uusisivu\/linja-autot\/\" class=\"more-link\">&#8211; Lue &#8211; <span class=\"screen-reader-text\">Linja-autot<\/span><\/a><\/p>\n","protected":false},"author":2,"featured_media":0,"parent":0,"menu_order":0,"comment_status":"closed","ping_status":"closed","template":"","meta":{"footnotes":""},"class_list":["post-140","page","type-page","status-publish","hentry"],"post_mailing_queue_ids":[],"_links":{"self":[{"href":"https:\/\/www.costablancasuomiseura.es\/uusisivu\/wp-json\/wp\/v2\/pages\/140","targetHints":{"allow":["GET"]}}],"collection":[{"href":"https:\/\/www.costablancasuomiseura.es\/uusisivu\/wp-json\/wp\/v2\/pages"}],"about":[{"href":"https:\/\/www.costablancasuomiseura.es\/uusisivu\/wp-json\/wp\/v2\/types\/page"}],"author":[{"embeddable":true,"href":"https:\/\/www.costablancasuomiseura.es\/uusisivu\/wp-json\/wp\/v2\/users\/2"}],"replies":[{"embeddable":true,"href":"https:\/\/www.costablancasuomiseura.es\/uusisivu\/wp-json\/wp\/v2\/comments?post=140"}],"version-history":[{"count":5,"href":"https:\/\/www.costablancasuomiseura.es\/uusisivu\/wp-json\/wp\/v2\/pages\/140\/revisions"}],"predecessor-version":[{"id":2311,"href":"https:\/\/www.costablancasuomiseura.es\/uusisivu\/wp-json\/wp\/v2\/pages\/140\/revisions\/2311"}],"wp:attachment":[{"href":"https:\/\/www.costablancasuomiseura.es\/uusisivu\/wp-json\/wp\/v2\/media?parent=140"}],"curies":[{"name":"wp","href":"https:\/\/api.w.org\/{rel}","templated":true}]}}