{"id":13,"date":"2023-05-11T15:51:31","date_gmt":"2023-05-11T15:51:31","guid":{"rendered":"https:\/\/www.costablancasuomiseura.es\/uusisivu\/?page_id=13"},"modified":"2023-12-18T19:29:02","modified_gmt":"2023-12-18T17:29:02","slug":"matkat","status":"publish","type":"page","link":"https:\/\/www.costablancasuomiseura.es\/uusisivu\/matkat\/","title":{"rendered":"Matkat"},"content":{"rendered":"\n<p>Suomi Seura ei itse j\u00e4rjest\u00e4 matkoja vaan j\u00e4senet voivat ilmoittautua suoraan matkanj\u00e4rjest\u00e4jille.<\/p>\n\n\n\n<figure class=\"wp-block-image size-full is-resized\"><img loading=\"lazy\" decoding=\"async\" width=\"654\" height=\"490\" src=\"https:\/\/www.costablancasuomiseura.es\/uusisivu\/wp-content\/uploads\/2023\/12\/image-39.jpeg\" alt=\"\" class=\"wp-image-845\" style=\"width:150px;height:auto\" srcset=\"https:\/\/www.costablancasuomiseura.es\/uusisivu\/wp-content\/uploads\/2023\/12\/image-39.jpeg 654w, https:\/\/www.costablancasuomiseura.es\/uusisivu\/wp-content\/uploads\/2023\/12\/image-39-300x225.jpeg 300w, https:\/\/www.costablancasuomiseura.es\/uusisivu\/wp-content\/uploads\/2023\/12\/image-39-120x90.jpeg 120w\" sizes=\"auto, (max-width: 654px) 100vw, 654px\" \/><\/figure>\n\n\n\n<p> <a href=\"https:\/\/marysol.fi\/\">https:\/\/marysol.fi\/<\/a> (suomalainen matkanj\u00e4rjest\u00e4j\u00e4)<\/p>\n\n\n\n<p>Rosa Tours <a href=\"https:\/\/viajesrosatours.com\/\">https:\/\/viajesrosatours.com\/<\/a><\/p>\n\n\n\n<figure class=\"wp-block-image size-full\"><img loading=\"lazy\" decoding=\"async\" width=\"150\" height=\"150\" src=\"https:\/\/www.costablancasuomiseura.es\/uusisivu\/wp-content\/uploads\/2023\/11\/grapes-gd22955c4b_640-150x150-1.jpg\" alt=\"\" class=\"wp-image-392\" srcset=\"https:\/\/www.costablancasuomiseura.es\/uusisivu\/wp-content\/uploads\/2023\/11\/grapes-gd22955c4b_640-150x150-1.jpg 150w, https:\/\/www.costablancasuomiseura.es\/uusisivu\/wp-content\/uploads\/2023\/11\/grapes-gd22955c4b_640-150x150-1-90x90.jpg 90w\" sizes=\"auto, (max-width: 150px) 100vw, 150px\" \/><\/figure>\n","protected":false},"excerpt":{"rendered":"<p>Suomi Seura ei itse j\u00e4rjest\u00e4 matkoja vaan j\u00e4senet voivat ilmoittautua suoraan matkanj\u00e4rjest\u00e4jille. https:\/\/marysol.fi\/ (suomalainen matkanj\u00e4rjest\u00e4j\u00e4) Rosa Tours https:\/\/viajesrosatours.com\/ <a href=\"https:\/\/www.costablancasuomiseura.es\/uusisivu\/matkat\/\" class=\"more-link\">&#8211; Lue &#8211; <span class=\"screen-reader-text\">Matkat<\/span><\/a><\/p>\n","protected":false},"author":2,"featured_media":0,"parent":0,"menu_order":0,"comment_status":"closed","ping_status":"closed","template":"","meta":{"footnotes":""},"class_list":["post-13","page","type-page","status-publish","hentry"],"post_mailing_queue_ids":[],"_links":{"self":[{"href":"https:\/\/www.costablancasuomiseura.es\/uusisivu\/wp-json\/wp\/v2\/pages\/13","targetHints":{"allow":["GET"]}}],"collection":[{"href":"https:\/\/www.costablancasuomiseura.es\/uusisivu\/wp-json\/wp\/v2\/pages"}],"about":[{"href":"https:\/\/www.costablancasuomiseura.es\/uusisivu\/wp-json\/wp\/v2\/types\/page"}],"author":[{"embeddable":true,"href":"https:\/\/www.costablancasuomiseura.es\/uusisivu\/wp-json\/wp\/v2\/users\/2"}],"replies":[{"embeddable":true,"href":"https:\/\/www.costablancasuomiseura.es\/uusisivu\/wp-json\/wp\/v2\/comments?post=13"}],"version-history":[{"count":5,"href":"https:\/\/www.costablancasuomiseura.es\/uusisivu\/wp-json\/wp\/v2\/pages\/13\/revisions"}],"predecessor-version":[{"id":1019,"href":"https:\/\/www.costablancasuomiseura.es\/uusisivu\/wp-json\/wp\/v2\/pages\/13\/revisions\/1019"}],"wp:attachment":[{"href":"https:\/\/www.costablancasuomiseura.es\/uusisivu\/wp-json\/wp\/v2\/media?parent=13"}],"curies":[{"name":"wp","href":"https:\/\/api.w.org\/{rel}","templated":true}]}}