{"id":125,"date":"2023-05-29T10:44:40","date_gmt":"2023-05-29T10:44:40","guid":{"rendered":"https:\/\/www.costablancasuomiseura.es\/uusisivu\/?page_id=125"},"modified":"2025-04-02T11:24:46","modified_gmt":"2025-04-02T09:24:46","slug":"toimintakertomukset-ja-suunnitelmat","status":"publish","type":"page","link":"https:\/\/www.costablancasuomiseura.es\/uusisivu\/toimintakertomukset-ja-suunnitelmat\/","title":{"rendered":"Toimintakertomukset ja suunnitelmat"},"content":{"rendered":"\n<div data-wp-interactive=\"core\/file\" class=\"wp-block-file\"><object data-wp-bind--hidden=\"!state.hasPdfPreview\" hidden class=\"wp-block-file__embed\" data=\"https:\/\/www.costablancasuomiseura.es\/uusisivu\/wp-content\/uploads\/2025\/04\/Kevatkokouspoytakirja_20250322_allekirjoitettu.pdf\" type=\"application\/pdf\" style=\"width:100%;height:600px\" aria-label=\"Tiedoston Kev\u00e4tkokousp\u00f6yt\u00e4kirja_20250322_allekirjoitettu upotus.\"><\/object><a id=\"wp-block-file--media-6cf4c19f-f61a-4dd3-bfec-e69f57baaaef\" href=\"https:\/\/www.costablancasuomiseura.es\/uusisivu\/wp-content\/uploads\/2025\/04\/Kevatkokouspoytakirja_20250322_allekirjoitettu.pdf\">Kev\u00e4tkokousp\u00f6yt\u00e4kirja_20250322_allekirjoitettu<\/a><a href=\"https:\/\/www.costablancasuomiseura.es\/uusisivu\/wp-content\/uploads\/2025\/04\/Kevatkokouspoytakirja_20250322_allekirjoitettu.pdf\" class=\"wp-block-file__button wp-element-button\" download aria-describedby=\"wp-block-file--media-6cf4c19f-f61a-4dd3-bfec-e69f57baaaef\">Lataa<\/a><\/div>\n\n\n\n<div data-wp-interactive=\"core\/file\" class=\"wp-block-file\"><object data-wp-bind--hidden=\"!state.hasPdfPreview\" hidden class=\"wp-block-file__embed\" data=\"https:\/\/www.costablancasuomiseura.es\/uusisivu\/wp-content\/uploads\/2025\/04\/Toimintasuunnitelma_2025.pdf\" type=\"application\/pdf\" style=\"width:100%;height:600px\" aria-label=\"Tiedoston Toimintasuunnitelma_2025 upotus.\"><\/object><a id=\"wp-block-file--media-de2cd90f-7f9e-48ff-a51f-79def3d59976\" href=\"https:\/\/www.costablancasuomiseura.es\/uusisivu\/wp-content\/uploads\/2025\/04\/Toimintasuunnitelma_2025.pdf\">Toimintasuunnitelma_2025<\/a><a href=\"https:\/\/www.costablancasuomiseura.es\/uusisivu\/wp-content\/uploads\/2025\/04\/Toimintasuunnitelma_2025.pdf\" class=\"wp-block-file__button wp-element-button\" download aria-describedby=\"wp-block-file--media-de2cd90f-7f9e-48ff-a51f-79def3d59976\">Lataa<\/a><\/div>\n\n\n\n<div data-wp-interactive=\"core\/file\" class=\"wp-block-file\"><object data-wp-bind--hidden=\"!state.hasPdfPreview\" hidden class=\"wp-block-file__embed\" data=\"https:\/\/www.costablancasuomiseura.es\/uusisivu\/wp-content\/uploads\/2025\/04\/Toimintakertomus_2024.pdf\" type=\"application\/pdf\" style=\"width:100%;height:600px\" aria-label=\"Tiedoston Toimintakertomus_2024 upotus.\"><\/object><a id=\"wp-block-file--media-4c0f9b5b-e036-4871-b04b-428e631f164e\" href=\"https:\/\/www.costablancasuomiseura.es\/uusisivu\/wp-content\/uploads\/2025\/04\/Toimintakertomus_2024.pdf\">Toimintakertomus_2024<\/a><a href=\"https:\/\/www.costablancasuomiseura.es\/uusisivu\/wp-content\/uploads\/2025\/04\/Toimintakertomus_2024.pdf\" class=\"wp-block-file__button wp-element-button\" download aria-describedby=\"wp-block-file--media-4c0f9b5b-e036-4871-b04b-428e631f164e\">Lataa<\/a><\/div>\n\n\n\n<div data-wp-interactive=\"core\/file\" class=\"wp-block-file\"><object data-wp-bind--hidden=\"!state.hasPdfPreview\" hidden class=\"wp-block-file__embed\" data=\"https:\/\/www.costablancasuomiseura.es\/uusisivu\/wp-content\/uploads\/2025\/04\/CBSS_yleiskokous_poytakirja_2024_PK_GDPR.pdf\" type=\"application\/pdf\" style=\"width:100%;height:600px\" aria-label=\"Tiedoston CBSS_yleiskokous_p\u00f6yt\u00e4kirja_2024_PK_GDPR upotus.\"><\/object><a id=\"wp-block-file--media-73f4134e-f2f3-49df-a64c-df7d3f2a1fd8\" href=\"https:\/\/www.costablancasuomiseura.es\/uusisivu\/wp-content\/uploads\/2025\/04\/CBSS_yleiskokous_poytakirja_2024_PK_GDPR.pdf\">CBSS_yleiskokous_p\u00f6yt\u00e4kirja_2024_PK_GDPR<\/a><a href=\"https:\/\/www.costablancasuomiseura.es\/uusisivu\/wp-content\/uploads\/2025\/04\/CBSS_yleiskokous_poytakirja_2024_PK_GDPR.pdf\" class=\"wp-block-file__button wp-element-button\" download aria-describedby=\"wp-block-file--media-73f4134e-f2f3-49df-a64c-df7d3f2a1fd8\">Lataa<\/a><\/div>\n","protected":false},"excerpt":{"rendered":"<p> <a href=\"https:\/\/www.costablancasuomiseura.es\/uusisivu\/toimintakertomukset-ja-suunnitelmat\/\" class=\"more-link\">&#8211; Lue &#8211; <span class=\"screen-reader-text\">Toimintakertomukset ja suunnitelmat<\/span><\/a><\/p>\n","protected":false},"author":2,"featured_media":0,"parent":0,"menu_order":0,"comment_status":"closed","ping_status":"closed","template":"","meta":{"footnotes":""},"class_list":["post-125","page","type-page","status-publish","hentry"],"post_mailing_queue_ids":[],"_links":{"self":[{"href":"https:\/\/www.costablancasuomiseura.es\/uusisivu\/wp-json\/wp\/v2\/pages\/125","targetHints":{"allow":["GET"]}}],"collection":[{"href":"https:\/\/www.costablancasuomiseura.es\/uusisivu\/wp-json\/wp\/v2\/pages"}],"about":[{"href":"https:\/\/www.costablancasuomiseura.es\/uusisivu\/wp-json\/wp\/v2\/types\/page"}],"author":[{"embeddable":true,"href":"https:\/\/www.costablancasuomiseura.es\/uusisivu\/wp-json\/wp\/v2\/users\/2"}],"replies":[{"embeddable":true,"href":"https:\/\/www.costablancasuomiseura.es\/uusisivu\/wp-json\/wp\/v2\/comments?post=125"}],"version-history":[{"count":3,"href":"https:\/\/www.costablancasuomiseura.es\/uusisivu\/wp-json\/wp\/v2\/pages\/125\/revisions"}],"predecessor-version":[{"id":2287,"href":"https:\/\/www.costablancasuomiseura.es\/uusisivu\/wp-json\/wp\/v2\/pages\/125\/revisions\/2287"}],"wp:attachment":[{"href":"https:\/\/www.costablancasuomiseura.es\/uusisivu\/wp-json\/wp\/v2\/media?parent=125"}],"curies":[{"name":"wp","href":"https:\/\/api.w.org\/{rel}","templated":true}]}}