{"id":119,"date":"2023-05-29T10:41:14","date_gmt":"2023-05-29T10:41:14","guid":{"rendered":"https:\/\/www.costablancasuomiseura.es\/uusisivu\/?page_id=119"},"modified":"2025-03-05T12:46:55","modified_gmt":"2025-03-05T10:46:55","slug":"hallitus","status":"publish","type":"page","link":"https:\/\/www.costablancasuomiseura.es\/uusisivu\/hallitus\/","title":{"rendered":"Hallitus"},"content":{"rendered":"\n<h1 class=\"wp-block-heading\">Hallituksen j\u00e4senet 2025<\/h1>\n\n\n\n<p><strong>Puheenjohtaja<\/strong><\/p>\n\n\n\n<p>Anne R\u00e4ikk\u00f6nen<br>+34 634 300 401\u202c<br>cbspuheenjohtaja (at) gmail.com<\/p>\n\n\n\n<p><strong>Varsinaiset j\u00e4senet<\/strong><\/p>\n\n\n\n<p>Anne Keski-Honkola \u2502varapuheenjohtaja<br>cbsuomiseura (at) gmail.com<\/p>\n\n\n\n<p>Tuula Kuivalainen<br>cbsuomiseura (at) gmail.com<\/p>\n\n\n\n<p>Jukka Nylander<br>cbsuomiseura (at) gmail.com<\/p>\n\n\n\n<p>Jouko Kuivalainen<br>cbsuomiseura (at) gmail.com<\/p>\n\n\n\n<p>Petri Salin<br>cbsuomiseura (at) gmail.com<\/p>\n\n\n\n<p><br><\/p>\n\n\n\n<p><strong>Toiminnantarkastajat<\/strong><br>Leena Kaasinen ja Raija Kemppainen<\/p>\n\n\n\n<p><\/p>\n","protected":false},"excerpt":{"rendered":"<p>Hallituksen j\u00e4senet 2025 Puheenjohtaja Anne R\u00e4ikk\u00f6nen+34 634 300 401\u202ccbspuheenjohtaja (at) gmail.com Varsinaiset j\u00e4senet Anne Keski-Honkola \u2502varapuheenjohtajacbsuomiseura (at) gmail.com Tuula Kuivalainencbsuomiseura (at) gmail.com Jukka Nylandercbsuomiseura (at) gmail.com Jouko Kuivalainencbsuomiseura (at) gmail.com Petri Salincbsuomiseura (at) gmail.com ToiminnantarkastajatLeena Kaasinen ja Raija Kemppainen <a href=\"https:\/\/www.costablancasuomiseura.es\/uusisivu\/hallitus\/\" class=\"more-link\">&#8211; Lue &#8211; <span class=\"screen-reader-text\">Hallitus<\/span><\/a><\/p>\n","protected":false},"author":2,"featured_media":0,"parent":0,"menu_order":0,"comment_status":"closed","ping_status":"closed","template":"","meta":{"footnotes":""},"class_list":["post-119","page","type-page","status-publish","hentry"],"post_mailing_queue_ids":[],"_links":{"self":[{"href":"https:\/\/www.costablancasuomiseura.es\/uusisivu\/wp-json\/wp\/v2\/pages\/119","targetHints":{"allow":["GET"]}}],"collection":[{"href":"https:\/\/www.costablancasuomiseura.es\/uusisivu\/wp-json\/wp\/v2\/pages"}],"about":[{"href":"https:\/\/www.costablancasuomiseura.es\/uusisivu\/wp-json\/wp\/v2\/types\/page"}],"author":[{"embeddable":true,"href":"https:\/\/www.costablancasuomiseura.es\/uusisivu\/wp-json\/wp\/v2\/users\/2"}],"replies":[{"embeddable":true,"href":"https:\/\/www.costablancasuomiseura.es\/uusisivu\/wp-json\/wp\/v2\/comments?post=119"}],"version-history":[{"count":29,"href":"https:\/\/www.costablancasuomiseura.es\/uusisivu\/wp-json\/wp\/v2\/pages\/119\/revisions"}],"predecessor-version":[{"id":2236,"href":"https:\/\/www.costablancasuomiseura.es\/uusisivu\/wp-json\/wp\/v2\/pages\/119\/revisions\/2236"}],"wp:attachment":[{"href":"https:\/\/www.costablancasuomiseura.es\/uusisivu\/wp-json\/wp\/v2\/media?parent=119"}],"curies":[{"name":"wp","href":"https:\/\/api.w.org\/{rel}","templated":true}]}}